{"id":80,"date":"2013-09-11T17:58:23","date_gmt":"2013-09-11T15:58:23","guid":{"rendered":"http:\/\/www.grueneliga-thueringen.de?page_id=80"},"modified":"2014-06-28T16:37:57","modified_gmt":"2014-06-28T14:37:57","slug":"deutschlandweit","status":"publish","type":"page","link":"https:\/\/www.grueneliga-thueringen.de\/fr\/deutschlandweit\/","title":{"rendered":"Deutschlandweit"},"content":{"rendered":"<h1>Themen und Projekte deutschlandweit<\/h1>\n<h3>Das transatlantische Freihandelsabkommen<a href=\"http:\/\/www.grueneliga.de\/ttip.html\"><img loading=\"lazy\" decoding=\"async\" class=\"size-full wp-image-4642 alignleft\" alt=\"TTIP_unfairhandelbar_logo-e30c0b61\" src=\"http:\/\/www.grueneliga-thueringen.de\/wp-content\/uploads\/2014\/04\/TTIP_unfairhandelbar_logo-e30c0b61.jpg\" width=\"170\" height=\"121\" \/><\/a><\/h3>\n<p>TTIP verhindern \u2013 Aktionsb\u00fcndnis unterst\u00fctzen!<em><br \/>\n<\/em><\/p>\n<p>Weitere Infos hier: <a href=\"http:\/\/www.grueneliga.de\/ttip.html\" target=\"_blank\">TTIP-Abkommen<\/a><\/p>\n<p>&nbsp;<\/p>\n<h3><a href=\"http:\/\/www.grueneliga.de\/handyrecycling.html\"><img loading=\"lazy\" decoding=\"async\" class=\"size-thumbnail wp-image-4658 alignleft\" alt=\"Handyrecycling\" src=\"http:\/\/www.grueneliga-thueringen.de\/wp-content\/uploads\/2014\/04\/Handyrecycling-150x150.png\" width=\"150\" height=\"150\" srcset=\"https:\/\/www.grueneliga-thueringen.de\/wp-content\/uploads\/2014\/04\/Handyrecycling-150x150.png 150w, https:\/\/www.grueneliga-thueringen.de\/wp-content\/uploads\/2014\/04\/Handyrecycling-66x66.png 66w, https:\/\/www.grueneliga-thueringen.de\/wp-content\/uploads\/2014\/04\/Handyrecycling.png 170w\" sizes=\"auto, (max-width: 150px) 100vw, 150px\" \/><\/a>Die GR\u00dcNE LIGA setzt sich f\u00fcr umweltschonendes Recycling ein und achtet bewusst auf den Umgang mit Ressourcen.<\/h3>\n<p>Hier finden Sie mehr: <a href=\"http:\/\/www.grueneliga.de\/handyrecycling.html\" target=\"_blank\">Handyrecycling<\/a><\/p>\n<p>&nbsp;<\/p>\n<p>&nbsp;<\/p>\n<p>&nbsp;<\/p>\n<h3>Stop Fracking! &#8211; Die Korbacher Resolution<a href=\"http:\/\/www.grueneliga.de\/stop-fracking.html\"><img loading=\"lazy\" decoding=\"async\" class=\"size-full wp-image-4659 alignleft\" alt=\"Stop Fracking\" src=\"http:\/\/www.grueneliga-thueringen.de\/wp-content\/uploads\/2014\/04\/Stop-Fracking.jpg\" width=\"120\" height=\"132\" \/><\/a><\/h3>\n<p>Mehr Informationen unter <a href=\"http:\/\/www.grueneliga.de\/stop-fracking.html\" target=\"_blank\">Stop Fracking<\/a><\/p>\n<p>&nbsp;<\/p>\n<p>&nbsp;<\/p>\n<p>&nbsp;<\/p>\n<p>Mehr Mitmach-Projekte des Bundesverbandes der GR\u00dcNEN LIGA finden Sie <a href=\"http:\/\/www.grueneliga.de\/mitmachen.html\" target=\"_blank\">hier<\/a><\/p>\n","protected":false},"excerpt":{"rendered":"<p>Themen und Projekte deutschlandweit Das transatlantische Freihandelsabkommen TTIP verhindern \u2013 Aktionsb\u00fcndnis unterst\u00fctzen! Weitere Infos hier: TTIP-Abkommen &nbsp; Die GR\u00dcNE LIGA setzt sich f\u00fcr umweltschonendes Recycling ein und achtet bewusst auf den Umgang mit Ressourcen. Hier finden Sie mehr: Handyrecycling &nbsp; &nbsp; &nbsp; Stop Fracking! &#8211; Die Korbacher Resolution Mehr Informationen unter Stop Fracking &nbsp; &nbsp; &nbsp; Mehr Mitmach-Projekte des Bundesverbandes der GR\u00dcNEN LIGA finden Sie hier<\/p>\n","protected":false},"author":1,"featured_media":0,"parent":0,"menu_order":0,"comment_status":"open","ping_status":"closed","template":"full-width.php","meta":{"footnotes":""},"class_list":["post-80","page","type-page","status-publish","hentry"],"_links":{"self":[{"href":"https:\/\/www.grueneliga-thueringen.de\/fr\/wp-json\/wp\/v2\/pages\/80","targetHints":{"allow":["GET"]}}],"collection":[{"href":"https:\/\/www.grueneliga-thueringen.de\/fr\/wp-json\/wp\/v2\/pages"}],"about":[{"href":"https:\/\/www.grueneliga-thueringen.de\/fr\/wp-json\/wp\/v2\/types\/page"}],"author":[{"embeddable":true,"href":"https:\/\/www.grueneliga-thueringen.de\/fr\/wp-json\/wp\/v2\/users\/1"}],"replies":[{"embeddable":true,"href":"https:\/\/www.grueneliga-thueringen.de\/fr\/wp-json\/wp\/v2\/comments?post=80"}],"version-history":[{"count":10,"href":"https:\/\/www.grueneliga-thueringen.de\/fr\/wp-json\/wp\/v2\/pages\/80\/revisions"}],"predecessor-version":[{"id":4713,"href":"https:\/\/www.grueneliga-thueringen.de\/fr\/wp-json\/wp\/v2\/pages\/80\/revisions\/4713"}],"wp:attachment":[{"href":"https:\/\/www.grueneliga-thueringen.de\/fr\/wp-json\/wp\/v2\/media?parent=80"}],"curies":[{"name":"wp","href":"https:\/\/api.w.org\/{rel}","templated":true}]}}