{"id":4451,"date":"2014-02-17T15:08:52","date_gmt":"2014-02-17T14:08:52","guid":{"rendered":"http:\/\/www.grueneliga-thueringen.de\/?page_id=4451"},"modified":"2019-02-21T12:15:48","modified_gmt":"2019-02-21T11:15:48","slug":"kastanienhof-marth","status":"publish","type":"page","link":"https:\/\/www.grueneliga-thueringen.de\/fr\/mitglieder\/kastanienhof-marth\/","title":{"rendered":"Kastanienhof Marth"},"content":{"rendered":"<h2><a href=\"http:\/\/kastanienhof-marth.info\/\">Kastanienhof Marth<\/a><\/h2>\n<p>Das Dorf Marth am S\u00fcdhang des Rusteberges liegt im westth\u00fcringischen Eichsfeld und ist 20 km von G\u00f6ttingen entfernt. Der im Ort liegende Hof drohte, nachdem er lange unbewohnt war und zuletzt von der ortsans\u00e4ssigen LPG genutzt worden war, zu zerfallen. Der Verein\u00a0 \u00ab\u00a0Lebens- und Agrarkulturelle Initiative e.V.\u00a0\u00bb kaufte ihn im Sommer 1995 und l\u00e4sst ihn nun wieder aufleben.<\/p>\n<p>Die\u00a0 Lebens- und Agrarkulturelle Initiative e.V. m\u00f6chte hier eine \u00f6kologisch orientierte Land- und Gartenkultur gestalten. Traditionelles Handwerk soll mit heutigen \u00f6kologischen Erfahrungen verbunden werden. Dazu bietet die Initiative verschiedene Seminare und Workshops an.<\/p>\n<p>Die 2 ha gro\u00dfe Wiese hinter dem Hof wird als Weideland f\u00fcr Ziegen und Schweine\u00a0und, umgestaltet, f\u00fcr verschiedene G\u00e4rten,\u00a0genutzt. Die Vielfalt aller Pflanzensorten und der Erhalt bedrohter\u00a0Tierrassen ist hier sehr wichtig.<br \/>\nEin weiterer wichtiger Punkt der Arbeit des Kastanienhofes Marth ist das Werken mit Lehm, Holz und Metall. Diese wertvollen Handwerkstechniken wurden schon bei der aufwendigen Hofsanierung eingesetzt.<\/p>\n<p>Hier erfahren Sie mehr:<\/p>\n<p><a href=\"http:\/\/kastanienhof-marth.info\/\"><img loading=\"lazy\" decoding=\"async\" class=\"size-full wp-image-5733 alignnone\" src=\"http:\/\/www.grueneliga-thueringen.de\/wp-content\/uploads\/2019\/02\/marth_logo.jpg\" alt=\"\" width=\"205\" height=\"129\" \/><\/a><\/p>\n","protected":false},"excerpt":{"rendered":"<p>Kastanienhof Marth Das Dorf Marth am S\u00fcdhang des Rusteberges liegt im westth\u00fcringischen Eichsfeld und ist 20 km von G\u00f6ttingen entfernt. Der im Ort liegende Hof drohte, nachdem er lange unbewohnt war und zuletzt von der ortsans\u00e4ssigen LPG genutzt worden war, zu zerfallen. Der Verein\u00a0 \u00ab\u00a0Lebens- und Agrarkulturelle Initiative e.V.\u00a0\u00bb kaufte ihn im Sommer 1995 und l\u00e4sst ihn nun wieder aufleben. Die\u00a0 Lebens- und Agrarkulturelle Initiative e.V. m\u00f6chte hier eine \u00f6kologisch orientierte Land- und Gartenkultur gestalten. Traditionelles Handwerk soll mit heutigen \u00f6kologischen Erfahrungen verbunden werden. Dazu bietet die Initiative verschiedene Seminare und Workshops an. Die 2 ha gro\u00dfe Wiese hinter dem Hof wird als Weideland f\u00fcr Ziegen und Schweine\u00a0und, umgestaltet, f\u00fcr verschiedene G\u00e4rten,\u00a0genutzt. Die Vielfalt aller Pflanzensorten und der Erhalt bedrohter\u00a0Tierrassen ist hier sehr wichtig. Ein weiterer wichtiger Punkt der Arbeit des Kastanienhofes Marth ist das Werken mit Lehm, Holz und Metall. Diese wertvollen Handwerkstechniken wurden schon bei der aufwendigen Hofsanierung eingesetzt. Hier erfahren Sie mehr:<\/p>\n","protected":false},"author":2,"featured_media":0,"parent":4189,"menu_order":3,"comment_status":"open","ping_status":"closed","template":"side-navigation.php","meta":{"footnotes":""},"class_list":["post-4451","page","type-page","status-publish","hentry"],"_links":{"self":[{"href":"https:\/\/www.grueneliga-thueringen.de\/fr\/wp-json\/wp\/v2\/pages\/4451","targetHints":{"allow":["GET"]}}],"collection":[{"href":"https:\/\/www.grueneliga-thueringen.de\/fr\/wp-json\/wp\/v2\/pages"}],"about":[{"href":"https:\/\/www.grueneliga-thueringen.de\/fr\/wp-json\/wp\/v2\/types\/page"}],"author":[{"embeddable":true,"href":"https:\/\/www.grueneliga-thueringen.de\/fr\/wp-json\/wp\/v2\/users\/2"}],"replies":[{"embeddable":true,"href":"https:\/\/www.grueneliga-thueringen.de\/fr\/wp-json\/wp\/v2\/comments?post=4451"}],"version-history":[{"count":5,"href":"https:\/\/www.grueneliga-thueringen.de\/fr\/wp-json\/wp\/v2\/pages\/4451\/revisions"}],"predecessor-version":[{"id":5741,"href":"https:\/\/www.grueneliga-thueringen.de\/fr\/wp-json\/wp\/v2\/pages\/4451\/revisions\/5741"}],"up":[{"embeddable":true,"href":"https:\/\/www.grueneliga-thueringen.de\/fr\/wp-json\/wp\/v2\/pages\/4189"}],"wp:attachment":[{"href":"https:\/\/www.grueneliga-thueringen.de\/fr\/wp-json\/wp\/v2\/media?parent=4451"}],"curies":[{"name":"wp","href":"https:\/\/api.w.org\/{rel}","templated":true}]}}