{"id":44,"date":"2013-09-11T17:44:14","date_gmt":"2013-09-11T15:44:14","guid":{"rendered":"http:\/\/www.grueneliga-thueringen.de?page_id=44"},"modified":"2015-07-14T11:09:14","modified_gmt":"2015-07-14T09:09:14","slug":"mitgliedschaft","status":"publish","type":"page","link":"https:\/\/www.grueneliga-thueringen.de\/fr\/mitgliedschaft\/","title":{"rendered":"Mitgliedschaft"},"content":{"rendered":"<h1>Mitglied werden lohnt sich!<\/h1>\n<p>Mitglied werden \u2013 Natur und Umwelt sch\u00fctzen, f\u00fcr Ver\u00e4nderung eintreten, Werte neu bestimmen. Machen Sie mit! Wir senden Ihnen gerne weitere Informationen zu. Wir unterst\u00fctzen Sie, wenn Sie sich engagieren wollen. Die GR\u00dcNE LIGA Th\u00fcringen freut sich immer \u00fcber neue aktive Mitstreiter\/Innen.<\/p>\n<p>Mitglied im Verein kann jede natu\u0308rliche und juristische Person sowie sonstige Personenvereinigung werden, die die Satzung anerkennt und die Ziele des Vereins unterstu\u0308tzt.<\/p>\n<div class=\"title\"><h2>Unsere Mitgliedsbeitr\u00e4ge<\/h2><div class=\"title-sep-container\"><div class=\"title-sep\"><\/div><\/div><\/div>\n<style type='text\/css'>\n\t\t#pricing-table-1.full-boxed-pricing{background-color:#f8f8f8 !important;}\n\t\t#pricing-table-1 .column{background-color:#ffffff !important;border-color:#ededed !important;}\n\t\t#pricing-table-1.sep-boxed-pricing .column{background-color:#f8f8f8 !important;}\n\t\t#pricing-table-1 .column li{border-color:#ededed !important;}\n\t\t#pricing-table-1 li.normal-row{background-color:#ffffff !important;}\n\t\t#pricing-table-1.full-boxed-pricing li.title-row{background-color:#ffffff !important;}\n\t\t#pricing-table-1 li.pricing-row,#pricing-table-1 li.footer-row{background-color:#f8f8f8 !important;}\n\t\t<\/style><div id=\"pricing-table-1\" class=\"full-boxed-pricing\">\n<div class=\"column\"><ul><li class=\"title-row\">Einzeln<\/li>\n<li class=\"pricing-row\"><div class=\"price price-with-decimal\"><strong>\u20ac<\/strong><em class=\"exact_price\">48<\/em><sup>00<\/sup><em class=\"time\">Jahr<\/em><\/div><\/li>\n<\/ul><\/div>\n<div class=\"column\"><ul><li class=\"title-row\">Erm\u00e4\u00dfigt<\/li>\n<li class=\"pricing-row\"><div class=\"price price-with-decimal\"><strong>\u20ac<\/strong><em class=\"exact_price\">30<\/em><sup>00<\/sup><em class=\"time\">Jahr<\/em><\/div><\/li>\n<\/ul><\/div>\n<div class=\"column\"><ul><li class=\"title-row\">F\u00f6rdermitglieder<\/li>\n<li class=\"pricing-row\"><div class=\"price price-with-decimal\"><strong>\u20ac<\/strong><em class=\"exact_price\">18<\/em><sup>00<\/sup><em class=\"time\">Jahr<\/em><\/div><\/li>\n<\/ul><\/div>\n<div class=\"column\"><ul><li class=\"title-row\">Mitgliedsgruppen<\/li>\n<li class=\"pricing-row\"><div class=\"price price-with-decimal\"><strong>\u20ac<\/strong><em class=\"exact_price\">60<\/em><sup>00<\/sup><em class=\"time\">Jahr<\/em><\/div><\/li>\n<\/ul><\/div>\n<\/div><div class=\"clear\"><\/div>\n<h2>Beitritt<\/h2>\n<p>Hier gibt es unsere Beitritterkl\u00e4rung als PDF:<br \/>\n<i style=\"color:green !important;\"class=\"fontawesome-icon medium circle-no icon-arrow-right\"><\/i> <a href=\"http:\/\/www.grueneliga-thueringen.de\/wp-content\/uploads\/2015\/07\/Beitrittserkl\u00e4rung.pdf\">Beitrittserkl\u00e4rung<\/a><\/p>\n<i style=\"color:green !important;\"class=\"fontawesome-icon medium circle-no icon-arrow-right\"><\/i> <a href=\"http:\/\/www.grueneliga-thueringen.de\/wp-content\/uploads\/2013\/09\/Beitragsordnung-Aktuell.pdf\">Beitragsordnung Aktuell<\/a><\/p>\n<h2>Weitere Informationen:<\/h2>\n<p>Unsere Grunds\u00e4tze, unsere Satzung als PDF:<br \/>\n<i style=\"color:green !important;\"class=\"fontawesome-icon medium circle-no icon-arrow-right\"><\/i> <a href=\"http:\/\/l3s3187.zeus03.de\/grueneliga-weimar.de\/wp\/wordpress\/wp-content\/uploads\/2013\/09\/Satzung-GL-Thu\u0308ringen-gefa\u00dft-2012.pdf\">Satzung GL Thu\u0308ringen gefa\u00dft 2012<\/a><\/p>\n<h2>Noch Fragen?<\/h2>\n<p>Dann schreiben Sie eine E-Mail an den Landesverband thueringen(at)grueneliga.de<\/p>\n<p>&nbsp;<\/p>\n","protected":false},"excerpt":{"rendered":"<p>Mitglied werden lohnt sich! Mitglied werden \u2013 Natur und Umwelt sch\u00fctzen, f\u00fcr Ver\u00e4nderung eintreten, Werte neu bestimmen. Machen Sie mit! Wir senden Ihnen gerne weitere Informationen zu. Wir unterst\u00fctzen Sie, wenn Sie sich engagieren wollen. Die GR\u00dcNE LIGA Th\u00fcringen freut sich immer \u00fcber neue aktive Mitstreiter\/Innen. Mitglied im Verein kann jede natu\u0308rliche und juristische Person sowie sonstige Personenvereinigung werden, die die Satzung anerkennt und die Ziele des Vereins unterstu\u0308tzt. Beitritt Hier gibt es unsere Beitritterkl\u00e4rung als PDF: Beitrittserkl\u00e4rung Beitragsordnung Aktuell Weitere Informationen: Unsere Grunds\u00e4tze, unsere Satzung als PDF: Satzung GL Thu\u0308ringen gefa\u00dft 2012 Noch Fragen? Dann schreiben Sie eine E-Mail an den Landesverband thueringen(at)grueneliga.de &nbsp;<\/p>\n","protected":false},"author":1,"featured_media":0,"parent":0,"menu_order":0,"comment_status":"open","ping_status":"closed","template":"full-width.php","meta":{"footnotes":""},"class_list":["post-44","page","type-page","status-publish","hentry"],"_links":{"self":[{"href":"https:\/\/www.grueneliga-thueringen.de\/fr\/wp-json\/wp\/v2\/pages\/44","targetHints":{"allow":["GET"]}}],"collection":[{"href":"https:\/\/www.grueneliga-thueringen.de\/fr\/wp-json\/wp\/v2\/pages"}],"about":[{"href":"https:\/\/www.grueneliga-thueringen.de\/fr\/wp-json\/wp\/v2\/types\/page"}],"author":[{"embeddable":true,"href":"https:\/\/www.grueneliga-thueringen.de\/fr\/wp-json\/wp\/v2\/users\/1"}],"replies":[{"embeddable":true,"href":"https:\/\/www.grueneliga-thueringen.de\/fr\/wp-json\/wp\/v2\/comments?post=44"}],"version-history":[{"count":21,"href":"https:\/\/www.grueneliga-thueringen.de\/fr\/wp-json\/wp\/v2\/pages\/44\/revisions"}],"predecessor-version":[{"id":4989,"href":"https:\/\/www.grueneliga-thueringen.de\/fr\/wp-json\/wp\/v2\/pages\/44\/revisions\/4989"}],"wp:attachment":[{"href":"https:\/\/www.grueneliga-thueringen.de\/fr\/wp-json\/wp\/v2\/media?parent=44"}],"curies":[{"name":"wp","href":"https:\/\/api.w.org\/{rel}","templated":true}]}}