{"id":4014,"date":"2013-09-12T13:24:10","date_gmt":"2013-09-12T11:24:10","guid":{"rendered":"http:\/\/www.grueneliga-thueringen.de?page_id=4014"},"modified":"2019-02-21T12:17:52","modified_gmt":"2019-02-21T11:17:52","slug":"gl-sachsen","status":"publish","type":"page","link":"https:\/\/www.grueneliga-thueringen.de\/fr\/mitglieder\/gl-sachsen\/","title":{"rendered":"Gr\u00fcne Aktion Sachsen e.V."},"content":{"rendered":"<h2><a href=\"https:\/\/www.gruene-aktion-sachsen.de\" data-wplink-edit=\"true\">Gr\u00fcne Aktion Sachsen e.V.<\/a><\/h2>\n<p>Die GR\u00dcNE LIGA wurde 1990 als Netzwerk gegr\u00fcndet. Dieses brachte\u00a0Menschen zusammen, die sich zumeist schon zu DDR-Zeiten in kirchlichen Umweltgruppen, Fachgruppen des Kulturbundes, in den Interessengemeinschaften Stadt\u00f6kologie sowie \u00f6rtlichen Natur- und Umweltschutzinitiativen engagiert hatten.<\/p>\n<p>F\u00d6J &#8211; Interessierte, Betreuer von Einsatzstellen, aber auch Ehemalige gr\u00fcndeten am 29. April 2005 den GR\u00dcNE LIGA Sachsen &#8211; F\u00d6J e.V. Ziele der Gr\u00fcndung waren die F\u00f6rderung, Unterst\u00fctzung und Durchf\u00fchrung des Freiwilligen \u00d6kologischen Jahres.<\/p>\n<p>Seit September 2006 kann der Verein seine Ziele verwirklichen, nachdem ihn das S\u00e4chsische Ministerium f\u00fcr Umwelt und Landwirtschaft als Tr\u00e4ger anerkannt hat.<\/p>\n<p>Im Herbst 2018 hat sich der Verein umbenannt in <strong><span style=\"color: #008000;\">Gr\u00fcne Aktion Sachsen e.V.<\/span><\/strong><\/p>\n<p>Weitere Informationen unter<\/p>\n<p><a href=\"https:\/\/www.gruene-aktion-sachsen.de\"><img loading=\"lazy\" decoding=\"async\" class=\"wp-image-5724 alignleft\" src=\"http:\/\/www.grueneliga-thueringen.de\/wp-content\/uploads\/2019\/02\/Logo_Schrift_gr\u00fcn-1024x457.png\" alt=\"\" width=\"302\" height=\"135\" srcset=\"https:\/\/www.grueneliga-thueringen.de\/wp-content\/uploads\/2019\/02\/Logo_Schrift_gr\u00fcn-1024x457.png 1024w, https:\/\/www.grueneliga-thueringen.de\/wp-content\/uploads\/2019\/02\/Logo_Schrift_gr\u00fcn-300x134.png 300w, https:\/\/www.grueneliga-thueringen.de\/wp-content\/uploads\/2019\/02\/Logo_Schrift_gr\u00fcn-768x343.png 768w\" sizes=\"auto, (max-width: 302px) 100vw, 302px\" \/><\/a><\/p>\n","protected":false},"excerpt":{"rendered":"<p>Gr\u00fcne Aktion Sachsen e.V. Die GR\u00dcNE LIGA wurde 1990 als Netzwerk gegr\u00fcndet. Dieses brachte\u00a0Menschen zusammen, die sich zumeist schon zu DDR-Zeiten in kirchlichen Umweltgruppen, Fachgruppen des Kulturbundes, in den Interessengemeinschaften Stadt\u00f6kologie sowie \u00f6rtlichen Natur- und Umweltschutzinitiativen engagiert hatten. F\u00d6J &#8211; Interessierte, Betreuer von Einsatzstellen, aber auch Ehemalige gr\u00fcndeten am 29. April 2005 den GR\u00dcNE LIGA Sachsen &#8211; F\u00d6J e.V. Ziele der Gr\u00fcndung waren die F\u00f6rderung, Unterst\u00fctzung und Durchf\u00fchrung des Freiwilligen \u00d6kologischen Jahres. Seit September 2006 kann der Verein seine Ziele verwirklichen, nachdem ihn das S\u00e4chsische Ministerium f\u00fcr Umwelt und Landwirtschaft als Tr\u00e4ger anerkannt hat. Im Herbst 2018 hat sich der Verein umbenannt in Gr\u00fcne Aktion Sachsen e.V. Weitere Informationen unter<\/p>\n","protected":false},"author":1,"featured_media":0,"parent":4189,"menu_order":2,"comment_status":"open","ping_status":"open","template":"side-navigation.php","meta":{"footnotes":""},"class_list":["post-4014","page","type-page","status-publish","hentry"],"_links":{"self":[{"href":"https:\/\/www.grueneliga-thueringen.de\/fr\/wp-json\/wp\/v2\/pages\/4014","targetHints":{"allow":["GET"]}}],"collection":[{"href":"https:\/\/www.grueneliga-thueringen.de\/fr\/wp-json\/wp\/v2\/pages"}],"about":[{"href":"https:\/\/www.grueneliga-thueringen.de\/fr\/wp-json\/wp\/v2\/types\/page"}],"author":[{"embeddable":true,"href":"https:\/\/www.grueneliga-thueringen.de\/fr\/wp-json\/wp\/v2\/users\/1"}],"replies":[{"embeddable":true,"href":"https:\/\/www.grueneliga-thueringen.de\/fr\/wp-json\/wp\/v2\/comments?post=4014"}],"version-history":[{"count":13,"href":"https:\/\/www.grueneliga-thueringen.de\/fr\/wp-json\/wp\/v2\/pages\/4014\/revisions"}],"predecessor-version":[{"id":5747,"href":"https:\/\/www.grueneliga-thueringen.de\/fr\/wp-json\/wp\/v2\/pages\/4014\/revisions\/5747"}],"up":[{"embeddable":true,"href":"https:\/\/www.grueneliga-thueringen.de\/fr\/wp-json\/wp\/v2\/pages\/4189"}],"wp:attachment":[{"href":"https:\/\/www.grueneliga-thueringen.de\/fr\/wp-json\/wp\/v2\/media?parent=4014"}],"curies":[{"name":"wp","href":"https:\/\/api.w.org\/{rel}","templated":true}]}}