{"id":3091,"date":"2013-02-09T20:27:30","date_gmt":"2013-02-09T20:27:30","guid":{"rendered":"http:\/\/theme-fusion.com\/avada2\/?page_id=3091"},"modified":"2013-02-09T20:27:30","modified_gmt":"2013-02-09T20:27:30","slug":"header-2","status":"publish","type":"page","link":"https:\/\/www.grueneliga-thueringen.de\/fr\/header-2\/","title":{"rendered":"Header Version 2"},"content":{"rendered":"[tagline_box\u00a0link=\u00a0\u00bbhttp:\/\/themeforest.net\/user\/ThemeFusion\u00a0\u00bb button=\u00a0\u00bbPurchase Now\u00a0\u00bb title=\u00a0\u00bbAvada is incredibly responsive, with a refreshingly clean design\u00a0\u00bb description=\u00a0\u00bbAnd it has some awesome features, premium sliders, unlimited colors, advanced theme options and so much more!\u00a0\u00bb][\/tagline_box]\n<style type='text\/css'>\n\t\t#content-boxes-1 article.col{background-color:transparent !important;}\n\t\t#content-boxes-1 .fontawesome-icon.circle-yes{color:#ffffff !important;background-color:#333333 !important;border:1px solid #333333 !important;}\n\t\t<\/style><section class=\"clearfix columns content-boxes content-boxes-icon-with-title\" id=\"content-boxes-1\">\n<article class=\"col\"><div class=\"heading heading-and-icon\"><i class=\"fontawesome-icon medium circle-yes icon-tablet\"><\/i><h2>Responsive Design<\/h2><\/div><div class=\"col-content-container\">Avada is fully responsive and can adapt to any screen size. Try resizing your browser window to see it happen.<span class=\"more\"><a href=\"http:\/\/themeforest.net\/user\/ThemeFusionhttp:\/\/themeforest.net\/user\/ThemeFusion\" target=\"_self\">Learn More<\/a><\/span><\/div><\/article>\n<article class=\"col\"><div class=\"heading heading-and-icon\"><i class=\"fontawesome-icon medium circle-yes icon-random\"><\/i><h2>Awesome Sliders<\/h2><\/div><div class=\"col-content-container\">Avada includes the awesome Layer Parallax Slider as well as the popular FlexSlider2. Both are easy to use!<span class=\"more\"><a href=\"http:\/\/themeforest.net\/user\/ThemeFusion\" target=\"_self\">Learn More<\/a><\/span><\/div><\/article>\n<article class=\"col\"><div class=\"heading heading-and-icon\"><i class=\"fontawesome-icon medium circle-yes icon-tint\"><\/i><h2>Unlimited Colors<\/h2><\/div><div class=\"col-content-container\">We included a backend color picker for unlimited color options. Anything can be changed, including the gradients!<span class=\"more\"><a href=\"http:\/\/themeforest.net\/user\/ThemeFusion\" target=\"_self\">Learn More<\/a><\/span><\/div><\/article>\n<article class=\"col last\"><div class=\"heading heading-and-icon\"><i class=\"fontawesome-icon medium circle-yes icon-text-width\"><\/i><h2>500+ Google Fonts<\/h2><\/div><div class=\"col-content-container\">Avada loves fonts, choose from over 500+ Google Fonts. You can change all headings and body copy with ease!<span class=\"more\"><a href=\"http:\/\/themeforest.net\/user\/ThemeFusion\" target=\"_self\">Learn More<\/a><\/span><\/div><\/article>\n<\/section>\n<div class=\"three_fourth\">\n<div class=\"title\"><h2>Latest From The Blog<\/h2><div class=\"title-sep-container\"><div class=\"title-sep\"><\/div><\/div><\/div>\n<div class=\"avada-container\"><section class=\"columns columns-3\" style=\"width:100%\"><div class=\"holder\"><article class=\"col\"><h4><a href=\"https:\/\/www.grueneliga-thueringen.de\/fr\/fuenf-vor-zwoelf-naturschutz-unter-druck-verbaende-uebergeben-offenen-brief-an-umweltminister-kummer\/\">F\u00fcnf vor zw\u00f6lf \u2013 Naturschutz unter Druck: Verb\u00e4nde \u00fcbergeben Offenen Brief an Umweltminister Kummer<\/a><\/h4><ul class=\"meta\"><li><em class=\"date\">juin 16th, 2025<\/em><\/li><\/ul><p><div class=\"excerpt-container\"><p>\u201e(K)ein Stich ins Gr\u00fcne Herz, Minister Kummer\u201c \u2013 <\/p>\n<p>Protestaktion gegen geplante Mittelk\u00fcrzungen im Naturschutz<\/p>\n<p>Gemeinsame [...]<\/div><\/p><\/article><article class=\"col\"><h4><a href=\"https:\/\/www.grueneliga-thueringen.de\/fr\/wir-trauern-um-michael-welz\/\">Wir trauern um Michael Welz<\/a><\/h4><ul class=\"meta\"><li><em class=\"date\">avril 16th, 2025<\/em><\/li><\/ul><p><div class=\"excerpt-container\"><p>Nachruf: Mit gro\u00dfer Betroffenheit nehmen wir Abschied von Micha Welz, der am 5. April [...]<\/div><\/p><\/article><article class=\"col\"><h4><a href=\"https:\/\/www.grueneliga-thueringen.de\/fr\/erfolg-fur-die-verkehrswende-und-die-grune-liga-thuringen-werrabahntrasse-bleibt-gewidmete-eisenbahnstrecke-landkreis-gesteht-strassenschwarzbau-ein\/\">Erfolg  f\u00fcr die Verkehrswende und die GR\u00dcNE LIGA Th\u00fcringen: Werrabahntrasse  bleibt gewidmete Eisenbahnstrecke &#8211; Landkreis gesteht Stra\u00dfenschwarzbau  ein<\/a><\/h4><ul class=\"meta\"><li><em class=\"date\">novembre 11th, 2022<\/em><\/li><\/ul><p><div class=\"excerpt-container\"><p>Im Rechtsstreit um die \u00dcberbauung der Werrabahntrasse im Landkreis Hildburghausen durch die Kreisstra\u00dfe K [...]<\/div><\/p><\/article><article class=\"col\"><h4><a href=\"https:\/\/www.grueneliga-thueringen.de\/fr\/nach-widerspruch-der-grunen-liga-thuringen\/\">Nach Widerspruch der GR\u00dcNEN LIGA Th\u00fcringen:<\/a><\/h4><ul class=\"meta\"><li><em class=\"date\">mai 18th, 2021<\/em><\/li><\/ul><p><div class=\"excerpt-container\"><p>Th\u00fcringer Landesamt erkl\u00e4rt Bau der Kreisstra\u00dfe K 530 auf Werrabahntrasse f\u00fcr rechtswidrig.<\/p>\n<p>Das Th\u00fcringer Landesamt [...]<\/div><\/p><\/article><article class=\"col\"><h4><a href=\"https:\/\/www.grueneliga-thueringen.de\/fr\/1-658-unterzeichnerinnen-fuer-eine-vollstaendige-renaturierung\/\">1.658 Unterzeichner:innen f\u00fcr eine vollst\u00e4ndige Renaturierung!<\/a><\/h4><ul class=\"meta\"><li><em class=\"date\">mai 12th, 2021<\/em><\/li><\/ul><p><div class=\"excerpt-container\"><p>B\u00fcndnis fordert Moratorium f\u00fcr das EOW-Gel\u00e4nde &#8211; Einstellung aller st\u00e4dtischen Planungen bis zur Befassung [...]<\/div><\/p><\/article><article class=\"col\"><h4><a href=\"https:\/\/www.grueneliga-thueringen.de\/fr\/weimarer-umwelt-und-naturschutzverbaende-bund-gruene-liga-und-nabu-rufen-zum-mitzeichnen-auf\/\">Weimarer Umwelt- und Naturschutzverb\u00e4nde (BUND, GR\u00dcNE LIGA und NABU) rufen zum Mitzeichnen auf:<\/a><\/h4><ul class=\"meta\"><li><em class=\"date\">mars 29th, 2021<\/em><\/li><\/ul><p><div class=\"excerpt-container\"><p>Petition f\u00fcr die vollst\u00e4ndige Renaturierung der Industriebrache in der Ilmaue\/Oberweimar &#8211; f\u00fcr eine zukunftsf\u00e4hige [...]<\/div><\/p><\/article><article class=\"col\"><div class=\"flexslider floated-post-slideshow\"><ul class=\"slides\"><li>\n\t\t\t\t\t<a href=\"https:\/\/www.grueneliga-thueringen.de\/fr\/thueringer-landwirtschaftsminister-knickt-vor-agrarindustrie-ein-jetzt-umsteuern-herr-hoff\/\" rel=\"\"><img decoding=\"async\" src=\"https:\/\/www.grueneliga-thueringen.de\/wp-content\/uploads\/2021\/03\/IMG_6056-640x441.jpg\" alt=\"Th\u00fcringer Landwirtschaftsminister knickt vor Agrarindustrie ein &#8211; Jetzt umsteuern, Herr Hoff\" \/><\/a>\n\t\t\t\t<\/li><\/ul>\n\t\t<\/div><h4><a href=\"https:\/\/www.grueneliga-thueringen.de\/fr\/thueringer-landwirtschaftsminister-knickt-vor-agrarindustrie-ein-jetzt-umsteuern-herr-hoff\/\">Th\u00fcringer Landwirtschaftsminister knickt vor Agrarindustrie ein &#8211; Jetzt umsteuern, Herr Hoff<\/a><\/h4><ul class=\"meta\"><li><em class=\"date\">mars 16th, 2021<\/em><\/li><\/ul><p><div class=\"excerpt-container\"><p>Verb\u00e4nde aus Landwirtschaft und Naturschutz machen sich f\u00fcr eine bauern-, tier- und umweltfreundliche Agrarpolitik [...]<\/div><\/p><\/article><article class=\"col\"><h4><a href=\"https:\/\/www.grueneliga-thueringen.de\/fr\/gruene-liga-thueringen-verlegung-der-kreisstrasse-k530-bei-eisfeld-ist-ein-schwarzbau\/\">GR\u00dcNE LIGA Th\u00fcringen: Verlegung der Kreisstra\u00dfe K530 bei Eisfeld ist ein Schwarzbau<\/a><\/h4><ul class=\"meta\"><li><em class=\"date\">janvier 19th, 2021<\/em><\/li><\/ul><p><div class=\"excerpt-container\"><p>Landkreis Hildburghausen muss Blockade der Werrabahn umgehend beenden <\/p>\n<p>Eklatante Rechtsverst\u00f6\u00dfe gegen Planungs-, Umwelt- und [...]<\/div><\/p><\/article><article class=\"col\"><h4><a href=\"https:\/\/www.grueneliga-thueringen.de\/fr\/offener-brief-des-naturschutzbeirates-der-stadt-weimar-zum-beabsichtigten-verkauf-des-eow-gelaendes-an-der-ilm\/\">Offener Brief des Naturschutzbeirates der Stadt Weimar zum beabsichtigten Verkauf des EOW-Gel\u00e4ndes an der Ilm<\/a><\/h4><ul class=\"meta\"><li><em class=\"date\">novembre 18th, 2020<\/em><\/li><\/ul><p><div class=\"excerpt-container\"><p> 6. November 2020 <\/p>\n<p>Mitglieder des Naturschutzbeirates der Stadt Weimar (siehe Namensliste am Ende [...]<\/div><\/p><\/article><article class=\"col\"><h4><a href=\"https:\/\/www.grueneliga-thueringen.de\/fr\/spatenstich-an-der-b-243-planungen-an-der-b-247-endlich-einstellen\/\">Spatenstich an der B 243: Planungen an der B 247 endlich einstellen!<\/a><\/h4><ul class=\"meta\"><li><em class=\"date\">octobre 21st, 2020<\/em><\/li><\/ul><p><div class=\"excerpt-container\"><p>Anl\u00e4sslich des heutigen Spatenstichs f\u00fcr die Umfahrungen der Ortschaften Holbach und G\u00fcnzerode im Verlauf [...]<\/div><\/p><\/article><article class=\"col\"><h4><a href=\"https:\/\/www.grueneliga-thueringen.de\/fr\/strassenbaeume-sind-kein-hindernis-jeder-nichtgepflanzte-alleebaum-fehlt-in-der-landschaft-und-beim-klimaschutz\/\">\u00ab\u00a0Stra\u00dfenb\u00e4ume sind kein           Hindernis! Jeder nichtgepflanzte Alleebaum fehlt in der           Landschaft und beim Klimaschutz\u00a0\u00bb<\/a><\/h4><ul class=\"meta\"><li><em class=\"date\">mars 10th, 2020<\/em><\/li><\/ul><p><div class=\"excerpt-container\"><p>Th\u00fcringer Umwelt- und  Naturschutzverband verwundert \u00fcber das       [...]<\/div><\/p><\/article><article class=\"col\"><h4><a href=\"https:\/\/www.grueneliga-thueringen.de\/fr\/position-des-bundessprecherrates-der-gruenen-liga-zum-tesla-gerichtsverfahren\/\">Position des Bundessprecherrates der GR\u00dcNEN LIGA zum Tesla-Gerichtsverfahren<\/a><\/h4><ul class=\"meta\"><li><em class=\"date\">f\u00e9vrier 21st, 2020<\/em><\/li><\/ul><p><div class=\"excerpt-container\"><p>Berlin, 20.02.2020. Ungeachtet dessen, ob die geplante Tesla Fabrik wichtige und notwendige wirtschaftliche Impulse [...]<\/div><\/p><\/article><article class=\"col\"><h4><a href=\"https:\/\/www.grueneliga-thueringen.de\/fr\/seminar-zur-veredelung-von-obstgehoelze-am-22-02-2020-in-herbsleben\/\">Seminar zur Veredelung von Obstgeh\u00f6lze am 22.02.2020 in Herbsleben<\/a><\/h4><ul class=\"meta\"><li><em class=\"date\">f\u00e9vrier 9th, 2020<\/em><\/li><\/ul><p><div class=\"excerpt-container\"><p>\u201eObstgeh\u00f6lze selbst gemacht\u201c \u2013 so lautet das Motto unter dem wir am Samstag, den [...]<\/div><\/p><\/article><article class=\"col\"><h4><a href=\"https:\/\/www.grueneliga-thueringen.de\/fr\/intensivkurs-jungbaumpflege-auf-streuobstwiese-am-ettersberg-bei-weimar\/\">Achtung: Kurs wird verschoben! Intensivkurs Jungbaumpflege auf der Streuobstwiese am Ettersberg bei Weimar<\/a><\/h4><ul class=\"meta\"><li><em class=\"date\">f\u00e9vrier 9th, 2020<\/em><\/li><\/ul><p><div class=\"excerpt-container\"><p>Freitag, 20.3.2020 und Samstag, 21.3.2020<\/p>\n<p>Obstb\u00e4ume und Streuobstwiesen nehmen einen bedeutenden Platz im Bild der [...]<\/div><\/p><\/article><article class=\"col\"><h4><a href=\"https:\/\/www.grueneliga-thueringen.de\/fr\/tagung-kernkraftwerke-in-der-ddr-geschichte-und-widerstand-samstag-den-16-november-2019-10-00-16-00\/\">Tagung: Kernkraftwerke in der DDR \u2013 Geschichte und Widerstand. Samstag, den 16. November 2019, 10.00 &#8211; 16.00 Berlin<\/a><\/h4><ul class=\"meta\"><li><em class=\"date\">octobre 24th, 2019<\/em><\/li><\/ul><p><div class=\"excerpt-container\"><p>Auch in der DDR gab es Widerstand gegen die Nutzung der Atomenergie &#8211;<br \/>\n [...]<\/div><\/p><\/article><article class=\"col\"><h4><a href=\"https:\/\/www.grueneliga-thueringen.de\/fr\/die-schuderbachswiese-eine-der-bedeutendsten-bergwiesen-thuringens-ist-bedroht\/\">Die Schuderbachswiese, eine der bedeutendsten Bergwiesen Th\u00fcringens, ist bedroht. Arnika, Orchideenarten wie Gr\u00fcne Hohlzunge und weitere gesch\u00fctzte Arten sollen einem Golfplatz weichen.<\/a><\/h4><ul class=\"meta\"><li><em class=\"date\">juin 5th, 2019<\/em><\/li><\/ul><p><div class=\"excerpt-container\"><p>Sie und Ihr k\u00f6nnt mithelfen, dieses einmalige Biotop zu erhalten und das Vorhaben zu [...]<\/div><\/p><\/article><article class=\"col\"><h4><a href=\"https:\/\/www.grueneliga-thueringen.de\/fr\/flussfilmfest-wilde-fluesse-entlegene-gegenden-und-menschen\/\">FlussFilmFest &#8211; Wilde Fl\u00fcsse, entlegene Gegenden und Menschen<\/a><\/h4><ul class=\"meta\"><li><em class=\"date\">f\u00e9vrier 13th, 2019<\/em><\/li><\/ul><p><div class=\"excerpt-container\"><p>9. M\u00e4rz 2019 im Kino mon ami in Weimar am Goetheplatz 11<\/p>\n<p>Wilde Str\u00f6me, entlegene [...]<\/div><\/p><\/article><article class=\"col\"><h4><a href=\"https:\/\/www.grueneliga-thueringen.de\/fr\/seminar-zur-veredelung-von-obstgehoelze-am-23-02-2019-in-holzdorf\/\">(Deutsch) Seminar zur Veredelung von Obstgeh\u00f6lze am 23.02.2019 in Holzdorf<\/a><\/h4><ul class=\"meta\"><li><em class=\"date\">novembre 22nd, 2018<\/em><\/li><\/ul><p><div class=\"excerpt-container\"><p>non disponible<\/p>\n<\/div><\/p><\/article><article class=\"col\"><h4><a href=\"https:\/\/www.grueneliga-thueringen.de\/fr\/informationsveranstaltung\/\">(Deutsch) BeGR\u00dcNte W\u00e4nde f\u00fcr Weimar \u2013 Zwischen Vorteilen und Vorurteilen von Fassadenbegr\u00fcnung<\/a><\/h4><ul class=\"meta\"><li><em class=\"date\">novembre 11th, 2018<\/em><\/li><\/ul><p>non disponible<\/p><\/article><article class=\"col\"><h4><a href=\"https:\/\/www.grueneliga-thueringen.de\/fr\/das-wunder-von-mals-filmvorfuehrung-mit-anschliessender-gespraechsrunde\/\">(Deutsch) Das Wunder von Mals \u2013 Filmvorf\u00fchrung mit anschlie\u00dfender Gespr\u00e4chsrunde<\/a><\/h4><ul class=\"meta\"><li><em class=\"date\">octobre 10th, 2018<\/em><\/li><\/ul><p><div class=\"excerpt-container\"><p>non disponible<\/p>\n<\/div><\/p><\/article><article class=\"col\"><h4><a href=\"https:\/\/www.grueneliga-thueringen.de\/fr\/5474-2\/\">(Deutsch) Glyphosat &#8211; Fluch oder Segen? Vortrag mit Diskussion<\/a><\/h4><ul class=\"meta\"><li><em class=\"date\">mai 2nd, 2018<\/em><\/li><\/ul><p><div class=\"excerpt-container\"><p>non disponible<\/p>\n<\/div><\/p><\/article><article class=\"col\"><h4><a href=\"https:\/\/www.grueneliga-thueringen.de\/fr\/1000-x-25-e\/\">(Deutsch) Wir brauchen Ihre Hilfe!<\/a><\/h4><ul class=\"meta\"><li><em class=\"date\">f\u00e9vrier 12th, 2018<\/em><\/li><\/ul><p>non disponible<\/p><\/article><article class=\"col\"><h4><a href=\"https:\/\/www.grueneliga-thueringen.de\/fr\/aktuellstromtrasse\/\">(Deutsch) GR\u00dcNE LIGA Th\u00fcringen zweifelt an Notwendigkeit der neuen Stromtrasse Vieselbach \u2013 Pulgar<\/a><\/h4><ul class=\"meta\"><li><em class=\"date\">avril 21st, 2017<\/em><\/li><\/ul><p>non disponible<\/p><\/article><article class=\"col\"><h4><a href=\"https:\/\/www.grueneliga-thueringen.de\/fr\/aktuellstreuobsfachwirtin-thueringen\/\">(Deutsch) Streuobstfachwirtin in Th\u00fcringen<\/a><\/h4><ul class=\"meta\"><li><em class=\"date\">avril 21st, 2017<\/em><\/li><\/ul><p>non disponible<\/p><\/article><article class=\"col\"><h4><a href=\"https:\/\/www.grueneliga-thueringen.de\/fr\/weltwassertag-am-22-03-2017-abwasser-in-kreislaeufen-denken-und-handeln\/\">(Deutsch) Weltwassertag am 22.03.2017: Abwasser &#8211; In Kreisl\u00e4ufen denken und handeln<\/a><\/h4><ul class=\"meta\"><li><em class=\"date\">mars 21st, 2017<\/em><\/li><\/ul><p>non disponible<\/p><\/article><\/div><\/section><\/div>\n<\/div>\n<div class=\"one_fourth last\">\n<div class=\"title\"><h2>What Client&rsquo;s Say<\/h2><div class=\"title-sep-container\"><div class=\"title-sep\"><\/div><\/div><\/div>\n<style type='text\/css'>\n\t\t#testimonials-1 q{background-color:#f6f3f3 !important;color:#747474 !important;}\n\t\t#testimonials-1 .review blockquote div:after{border-top-color:#f6f3f3 !important;}\n\t\t<\/style>\n\t\t<div id=\"testimonials-1\" class=\"reviews clearfix\">\n<div class=\"review male\"><blockquote><q>To anybody thinking of buying this theme \u2013 buy it! The theme itself is amazing, and on top of that, the support is outstanding! I wanted some features put in, and the theme developer was more than willing to help me out!<\/q><div class=\"clearfix\"><span class=\"company-name\"><strong>Borchard<\/strong>,<span> Crucio Theme<\/span><\/span><\/div><\/blockquote><\/div>\n<div class=\"review female\"><blockquote><q>I would like to extend a special thank you for your excellent support. Is has been a great experience. I love this template and more so because you provided excellent support and feedback.Thank you for such a great template! A must have!<\/q><div class=\"clearfix\"><span class=\"company-name\"><strong>Flygirly<\/strong>,<span> Imperio Theme<\/span><\/span><\/div><\/blockquote><\/div>\n<div class=\"review female\"><blockquote><q>Thank You for the speedy reply and the addition to the next update ThemeFusion, now purchased!<\/q><div class=\"clearfix\"><span class=\"company-name\"><strong>FWN<\/strong>,<span> Crucio Theme<\/span><\/span><\/div><\/blockquote><\/div>\n<div class=\"review male\"><blockquote><q>It\u2019s my first time buying on here and I\u2019m very please, so easy to customize! Cheers for your help again, very satisfied customer!!!!<\/q><div class=\"clearfix\"><span class=\"company-name\"><strong>Utcrayons<\/strong>,<span> Imperio Theme<\/span><\/span><\/div><\/blockquote><\/div>\n<div class=\"review male\"><blockquote><q>Themes like yours make people want to upgrade their business quality to fit in such beauty \u2026 really thanks and all the best luck in sales.<\/q><div class=\"clearfix\"><span class=\"company-name\"><strong>isaed<\/strong>,<span> Imperio Theme<\/span><\/span><\/div><\/blockquote><\/div>\n<\/div>\n<\/div><div class=\"clearboth\"><\/div>\n","protected":false},"excerpt":{"rendered":"<p>[tagline_box\u00a0link=\u00a0\u00bbhttp:\/\/themeforest.net\/user\/ThemeFusion\u00a0\u00bb button=\u00a0\u00bbPurchase Now\u00a0\u00bb title=\u00a0\u00bbAvada is incredibly responsive, with a refreshingly clean design\u00a0\u00bb description=\u00a0\u00bbAnd it has some awesome features, premium sliders, unlimited colors, advanced theme options and so much more!\u00a0\u00bb][\/tagline_box]<\/p>\n","protected":false},"author":1,"featured_media":0,"parent":0,"menu_order":0,"comment_status":"open","ping_status":"closed","template":"full-width.php","meta":{"footnotes":""},"class_list":["post-3091","page","type-page","status-publish","hentry"],"_links":{"self":[{"href":"https:\/\/www.grueneliga-thueringen.de\/fr\/wp-json\/wp\/v2\/pages\/3091","targetHints":{"allow":["GET"]}}],"collection":[{"href":"https:\/\/www.grueneliga-thueringen.de\/fr\/wp-json\/wp\/v2\/pages"}],"about":[{"href":"https:\/\/www.grueneliga-thueringen.de\/fr\/wp-json\/wp\/v2\/types\/page"}],"author":[{"embeddable":true,"href":"https:\/\/www.grueneliga-thueringen.de\/fr\/wp-json\/wp\/v2\/users\/1"}],"replies":[{"embeddable":true,"href":"https:\/\/www.grueneliga-thueringen.de\/fr\/wp-json\/wp\/v2\/comments?post=3091"}],"version-history":[{"count":0,"href":"https:\/\/www.grueneliga-thueringen.de\/fr\/wp-json\/wp\/v2\/pages\/3091\/revisions"}],"wp:attachment":[{"href":"https:\/\/www.grueneliga-thueringen.de\/fr\/wp-json\/wp\/v2\/media?parent=3091"}],"curies":[{"name":"wp","href":"https:\/\/api.w.org\/{rel}","templated":true}]}}