{"id":24,"date":"2013-09-11T17:15:10","date_gmt":"2013-09-11T15:15:10","guid":{"rendered":"http:\/\/www.grueneliga-thueringen.de?page_id=24"},"modified":"2018-12-07T14:41:26","modified_gmt":"2018-12-07T13:41:26","slug":"service","status":"publish","type":"page","link":"https:\/\/www.grueneliga-thueringen.de\/fr\/service\/","title":{"rendered":"Themen und Projekte"},"content":{"rendered":"<h1>Themen und Projekte<\/h1>\n<p>Hier finden Sie eine Sammlung unserer\u00a0aktueller Themen und Projekte. Wir w\u00fcnschen Ihnen viel Spa\u00df beim Durchst\u00f6bern.<\/p>\n","protected":false},"excerpt":{"rendered":"<p>Themen und Projekte Hier finden Sie eine Sammlung unserer\u00a0aktueller Themen und Projekte. Wir w\u00fcnschen Ihnen viel Spa\u00df beim Durchst\u00f6bern.<\/p>\n","protected":false},"author":1,"featured_media":0,"parent":0,"menu_order":0,"comment_status":"open","ping_status":"open","template":"portfolio-four-column-text.php","meta":{"footnotes":""},"class_list":["post-24","page","type-page","status-publish","hentry"],"_links":{"self":[{"href":"https:\/\/www.grueneliga-thueringen.de\/fr\/wp-json\/wp\/v2\/pages\/24","targetHints":{"allow":["GET"]}}],"collection":[{"href":"https:\/\/www.grueneliga-thueringen.de\/fr\/wp-json\/wp\/v2\/pages"}],"about":[{"href":"https:\/\/www.grueneliga-thueringen.de\/fr\/wp-json\/wp\/v2\/types\/page"}],"author":[{"embeddable":true,"href":"https:\/\/www.grueneliga-thueringen.de\/fr\/wp-json\/wp\/v2\/users\/1"}],"replies":[{"embeddable":true,"href":"https:\/\/www.grueneliga-thueringen.de\/fr\/wp-json\/wp\/v2\/comments?post=24"}],"version-history":[{"count":6,"href":"https:\/\/www.grueneliga-thueringen.de\/fr\/wp-json\/wp\/v2\/pages\/24\/revisions"}],"predecessor-version":[{"id":5667,"href":"https:\/\/www.grueneliga-thueringen.de\/fr\/wp-json\/wp\/v2\/pages\/24\/revisions\/5667"}],"wp:attachment":[{"href":"https:\/\/www.grueneliga-thueringen.de\/fr\/wp-json\/wp\/v2\/media?parent=24"}],"curies":[{"name":"wp","href":"https:\/\/api.w.org\/{rel}","templated":true}]}}