{"id":83,"date":"2013-09-11T17:59:53","date_gmt":"2013-09-11T15:59:53","guid":{"rendered":"http:\/\/www.grueneliga-thueringen.de?page_id=83"},"modified":"2017-12-11T14:26:38","modified_gmt":"2017-12-11T13:26:38","slug":"spenden","status":"publish","type":"page","link":"https:\/\/www.grueneliga-thueringen.de\/en\/spenden\/","title":{"rendered":"SPENDEN"},"content":{"rendered":"<style type=\"text\/css\"><!--\nP { margin-bottom: 0.21cm; }\n--><\/style>\n<h1><div class=\"demo-sep sep-dashed\" style=\"margin-top:-15px;margin-bottom:-15px\"><\/div><span class=\"dropcap\">Spenden<\/span><div class=\"demo-sep sep-dashed\" style=\"margin-top:5px;margin-bottom:5px\"><\/div><\/h1>\n<div class=\"one_half\">Viele unserer Projekte leben vom ehrenamtlichen Engagement unserer Freunde und Mitglieder.\u00a0 Auch Sie k\u00f6nnen uns helfen, unsere Visisonen von einer \u00d6kologisierung der Gesellschaft umzusetzen. Unabh\u00e4ngig und konsequent k\u00f6nnen wir nur mit Ihrer Hilfe agieren.<br \/>\nUnterst\u00fctzen Sie unsere Arbeit mit einer Spende! Unsere Projekte sind auch Ihre.<\/p>\n<p>Spenden an die GR\u00dcNE LIGA Th\u00fcringen sind steuerlich abzugsf\u00e4hig.<br \/>\nF\u00fcr Spenden ab 10 Euro senden wir Ihnen umgehend eine Spendenquittung zu, bitte senden Sie uns hierzu eine Email mit Ihrer Adresse.<\/p>\n<h2>Spendenkonto<\/h2>\n<p>VR Bank Weimar eG<\/p>\n<p>BLZ 82064188<\/p>\n<p>Kt.-Nr.: 5083125<\/p>\n<p>(bald erscheinen hier auch IBAN und BIC)<br \/>\n<\/div>\n<div class=\"one_half last\"><style type='text\/css'>\n\t#imageframe-1.imageframe{float:;}\n\t#imageframe-1.imageframe img{border:4px solid white;}\n\t#imageframe-1.imageframe-glow img{\n\t\t-moz-box-shadow: 0 0 3px rgba(0,0,0,.3); \/* outer glow *\/\n\t\t-webkit-box-shadow: 0 0 3px rgba(0,0,0,.3); \/* outer glow *\/\n\t\tbox-shadow: 0 0 3px rgba(0,0,0,.3); \/* outer glow *\/\n\t}\n\t#imageframe-1.imageframe-dropshadow img{\n\t\t-moz-box-shadow: 2px 3px 7px rgba(0,0,0,.3); \/* drop shadow *\/\n\t\t-webkit-box-shadow: 2px 3px 7px rgba(0,0,0,.3); \/* drop shadow *\/\n\t\tbox-shadow: 2px 3px 7px rgba(0,0,0,.3); \/* drop shadow *\/\n\t}\n\t<\/style>\n\t<span id=\"imageframe-1\" class=\"imageframe imageframe-bottomshadow\"><a href=\"http:\/\/l3s3187.zeus03.de\/grueneliga-weimar.de\/wp\/wordpress\/wp-content\/uploads\/2013\/09\/spenden2.jpg\"><img loading=\"lazy\" decoding=\"async\" class=\"alignnone size-full wp-image-4175\" alt=\"spenden2\" src=\"http:\/\/l3s3187.zeus03.de\/grueneliga-weimar.de\/wp\/wordpress\/wp-content\/uploads\/2013\/09\/spenden2.jpg\" width=\"664\" height=\"1000\" srcset=\"https:\/\/www.grueneliga-thueringen.de\/wp-content\/uploads\/2013\/09\/spenden2.jpg 664w, https:\/\/www.grueneliga-thueringen.de\/wp-content\/uploads\/2013\/09\/spenden2-199x300.jpg 199w\" sizes=\"auto, (max-width: 664px) 100vw, 664px\" \/><\/a><span class=\"imageframe-shadow-left\"><\/span><span class=\"imageframe-shadow-right\"><\/span><\/span><\/div><div class=\"clearboth\"><\/div>\n<p>\u00a0<\/p>\n","protected":false},"excerpt":{"rendered":"<p>\u00a0<\/p>\n","protected":false},"author":1,"featured_media":0,"parent":0,"menu_order":0,"comment_status":"open","ping_status":"closed","template":"full-width.php","meta":{"footnotes":""},"class_list":["post-83","page","type-page","status-publish","hentry"],"_links":{"self":[{"href":"https:\/\/www.grueneliga-thueringen.de\/en\/wp-json\/wp\/v2\/pages\/83","targetHints":{"allow":["GET"]}}],"collection":[{"href":"https:\/\/www.grueneliga-thueringen.de\/en\/wp-json\/wp\/v2\/pages"}],"about":[{"href":"https:\/\/www.grueneliga-thueringen.de\/en\/wp-json\/wp\/v2\/types\/page"}],"author":[{"embeddable":true,"href":"https:\/\/www.grueneliga-thueringen.de\/en\/wp-json\/wp\/v2\/users\/1"}],"replies":[{"embeddable":true,"href":"https:\/\/www.grueneliga-thueringen.de\/en\/wp-json\/wp\/v2\/comments?post=83"}],"version-history":[{"count":16,"href":"https:\/\/www.grueneliga-thueringen.de\/en\/wp-json\/wp\/v2\/pages\/83\/revisions"}],"predecessor-version":[{"id":5391,"href":"https:\/\/www.grueneliga-thueringen.de\/en\/wp-json\/wp\/v2\/pages\/83\/revisions\/5391"}],"wp:attachment":[{"href":"https:\/\/www.grueneliga-thueringen.de\/en\/wp-json\/wp\/v2\/media?parent=83"}],"curies":[{"name":"wp","href":"https:\/\/api.w.org\/{rel}","templated":true}]}}