{"id":4726,"date":"2014-06-28T17:21:45","date_gmt":"2014-06-28T15:21:45","guid":{"rendered":"http:\/\/www.grueneliga-thueringen.de\/?page_id=4726"},"modified":"2014-06-28T18:00:19","modified_gmt":"2014-06-28T16:00:19","slug":"lebenshilfewerk-ilmenau-rudolstadt-e-v","status":"publish","type":"page","link":"https:\/\/www.grueneliga-thueringen.de\/en\/mitglieder\/lebenshilfewerk-ilmenau-rudolstadt-e-v\/","title":{"rendered":"Lebenshilfewerk Ilmenau\/Rudolstadt e.V."},"content":{"rendered":"<h2>Das Lebenshilfewerk Ilmenau\/Rudolstadt e.V.<\/h2>\n<p>Das Lebenshilfewerk Ilmenau\/Rudolstadt e.V. ist die gemeinsame Tochterorganisation der Lebenshilfe-Kreisvereinigung Saalfeld-Rudolstadt e.V. und der Lebenshilfe-Ortsvereinigung Ilmenau e.V.<br \/>\n1993 als Tr\u00e4gerverein der Werkst\u00e4tten f\u00fcr Behinderte in Ilmenau und Rudolstadt ins Leben gerufen, \u00fcbernehmen wir die Aufgaben der beruflichen Rehabilitation von Menschen mit Behinderungen.<br \/>\nDie Ilmenauer Werkst\u00e4tten und die Heidecksburg Werkst\u00e4tten in Rudolstadt sind neu gebaute Werkst\u00e4tten mit einer unseren Aufgaben entsprechenden modernen Ausstattung. Als Spezialisten f\u00fcr die berufliche F\u00f6rderung von Menschen mit geistigen, seelischen und mehrfachen Behinderungen arbeiten wir mit Institutionen zusammen, die unser Anliegen und unsere Ziele unterst\u00fctzen oder sinnvoll erg\u00e4nzen.<\/p>\n<p>Weitere Informationen unter: <a href=\"http:\/\/www.lebenshilfewerk-ilmenau-rudolstadt.de\/cms\/front_content.php?idcat=68&amp;lang=1\" target=\"_blank\">www.lebenshilfewerk-ilmenau-rudolstadt.de<\/a><\/p>\n","protected":false},"excerpt":{"rendered":"<p>Das Lebenshilfewerk Ilmenau\/Rudolstadt e.V. Das Lebenshilfewerk Ilmenau\/Rudolstadt e.V. ist die gemeinsame Tochterorganisation der Lebenshilfe-Kreisvereinigung Saalfeld-Rudolstadt e.V. und der Lebenshilfe-Ortsvereinigung Ilmenau e.V. 1993 als Tr\u00e4gerverein der Werkst\u00e4tten f\u00fcr Behinderte in Ilmenau und Rudolstadt ins Leben gerufen, \u00fcbernehmen wir die Aufgaben der beruflichen Rehabilitation von Menschen mit Behinderungen. Die Ilmenauer Werkst\u00e4tten und die Heidecksburg Werkst\u00e4tten in Rudolstadt sind neu gebaute Werkst\u00e4tten mit einer unseren Aufgaben entsprechenden modernen Ausstattung. Als Spezialisten f\u00fcr die berufliche F\u00f6rderung von Menschen mit geistigen, seelischen und mehrfachen Behinderungen arbeiten wir mit Institutionen zusammen, die unser Anliegen und unsere Ziele unterst\u00fctzen oder sinnvoll erg\u00e4nzen. Weitere Informationen unter: www.lebenshilfewerk-ilmenau-rudolstadt.de<\/p>\n","protected":false},"author":2,"featured_media":0,"parent":4189,"menu_order":4,"comment_status":"open","ping_status":"closed","template":"side-navigation.php","meta":{"footnotes":""},"class_list":["post-4726","page","type-page","status-publish","hentry"],"_links":{"self":[{"href":"https:\/\/www.grueneliga-thueringen.de\/en\/wp-json\/wp\/v2\/pages\/4726","targetHints":{"allow":["GET"]}}],"collection":[{"href":"https:\/\/www.grueneliga-thueringen.de\/en\/wp-json\/wp\/v2\/pages"}],"about":[{"href":"https:\/\/www.grueneliga-thueringen.de\/en\/wp-json\/wp\/v2\/types\/page"}],"author":[{"embeddable":true,"href":"https:\/\/www.grueneliga-thueringen.de\/en\/wp-json\/wp\/v2\/users\/2"}],"replies":[{"embeddable":true,"href":"https:\/\/www.grueneliga-thueringen.de\/en\/wp-json\/wp\/v2\/comments?post=4726"}],"version-history":[{"count":7,"href":"https:\/\/www.grueneliga-thueringen.de\/en\/wp-json\/wp\/v2\/pages\/4726\/revisions"}],"predecessor-version":[{"id":4742,"href":"https:\/\/www.grueneliga-thueringen.de\/en\/wp-json\/wp\/v2\/pages\/4726\/revisions\/4742"}],"up":[{"embeddable":true,"href":"https:\/\/www.grueneliga-thueringen.de\/en\/wp-json\/wp\/v2\/pages\/4189"}],"wp:attachment":[{"href":"https:\/\/www.grueneliga-thueringen.de\/en\/wp-json\/wp\/v2\/media?parent=4726"}],"curies":[{"name":"wp","href":"https:\/\/api.w.org\/{rel}","templated":true}]}}