{"id":46,"date":"2013-09-11T17:44:35","date_gmt":"2013-09-11T15:44:35","guid":{"rendered":"http:\/\/www.grueneliga-thueringen.de?page_id=46"},"modified":"2014-04-08T15:45:38","modified_gmt":"2014-04-08T13:45:38","slug":"landesgeschaeftsstelle","status":"publish","type":"page","link":"https:\/\/www.grueneliga-thueringen.de\/en\/landesgeschaeftsstelle\/","title":{"rendered":"Landesgesch\u00e4ftsstelle"},"content":{"rendered":"<h1>Landesgesch\u00e4ftsstelle Th\u00fcringen<\/h1>\n<p>Der Landesverband hat seinen Sitz in Weimar. In der Gesch\u00e4ftsstelle arbeitet eine Angestellte. Sie wird personell durch eine Mitarbeiterin im Freiwilligen \u00d6kologischen Jahr unterst\u00fctzt. Weitere Mitarbeiter sind in den jeweiligen Projekten angestellt bzw. besch\u00e4ftigt.<\/p>\n<p><a href=\"http:\/\/www.grueneliga-thueringen.de\/wp-content\/uploads\/2014\/04\/Goetheplatz-9b.jpg\"><img loading=\"lazy\" decoding=\"async\" class=\"alignnone size-medium wp-image-4649\" alt=\"Goetheplatz 9b\" src=\"http:\/\/www.grueneliga-thueringen.de\/wp-content\/uploads\/2014\/04\/Goetheplatz-9b-300x221.jpg\" width=\"300\" height=\"221\" srcset=\"https:\/\/www.grueneliga-thueringen.de\/wp-content\/uploads\/2014\/04\/Goetheplatz-9b-300x221.jpg 300w, https:\/\/www.grueneliga-thueringen.de\/wp-content\/uploads\/2014\/04\/Goetheplatz-9b-220x161.jpg 220w, https:\/\/www.grueneliga-thueringen.de\/wp-content\/uploads\/2014\/04\/Goetheplatz-9b.jpg 600w\" sizes=\"auto, (max-width: 300px) 100vw, 300px\" \/><\/a><\/p>\n","protected":false},"excerpt":{"rendered":"<p>Landesgesch\u00e4ftsstelle Th\u00fcringen Der Landesverband hat seinen Sitz in Weimar. In der Gesch\u00e4ftsstelle arbeitet eine Angestellte. Sie wird personell durch eine Mitarbeiterin im Freiwilligen \u00d6kologischen Jahr unterst\u00fctzt. Weitere Mitarbeiter sind in den jeweiligen Projekten angestellt bzw. besch\u00e4ftigt.<\/p>\n","protected":false},"author":1,"featured_media":0,"parent":0,"menu_order":0,"comment_status":"open","ping_status":"closed","template":"full-width.php","meta":{"footnotes":""},"class_list":["post-46","page","type-page","status-publish","hentry"],"_links":{"self":[{"href":"https:\/\/www.grueneliga-thueringen.de\/en\/wp-json\/wp\/v2\/pages\/46","targetHints":{"allow":["GET"]}}],"collection":[{"href":"https:\/\/www.grueneliga-thueringen.de\/en\/wp-json\/wp\/v2\/pages"}],"about":[{"href":"https:\/\/www.grueneliga-thueringen.de\/en\/wp-json\/wp\/v2\/types\/page"}],"author":[{"embeddable":true,"href":"https:\/\/www.grueneliga-thueringen.de\/en\/wp-json\/wp\/v2\/users\/1"}],"replies":[{"embeddable":true,"href":"https:\/\/www.grueneliga-thueringen.de\/en\/wp-json\/wp\/v2\/comments?post=46"}],"version-history":[{"count":9,"href":"https:\/\/www.grueneliga-thueringen.de\/en\/wp-json\/wp\/v2\/pages\/46\/revisions"}],"predecessor-version":[{"id":4653,"href":"https:\/\/www.grueneliga-thueringen.de\/en\/wp-json\/wp\/v2\/pages\/46\/revisions\/4653"}],"wp:attachment":[{"href":"https:\/\/www.grueneliga-thueringen.de\/en\/wp-json\/wp\/v2\/media?parent=46"}],"curies":[{"name":"wp","href":"https:\/\/api.w.org\/{rel}","templated":true}]}}