{"id":4189,"date":"2013-09-18T18:20:22","date_gmt":"2013-09-18T16:20:22","guid":{"rendered":"http:\/\/www.grueneliga-thueringen.de?page_id=4189"},"modified":"2019-02-21T11:59:54","modified_gmt":"2019-02-21T10:59:54","slug":"mitglieder","status":"publish","type":"page","link":"https:\/\/www.grueneliga-thueringen.de\/en\/mitglieder\/","title":{"rendered":"Mitglieder"},"content":{"rendered":"<h1>Mitglieder<\/h1>\n<p>Die GR\u00dcNE LIGA Th\u00fcringen versteht sich als Netzwerk, in dem Initiativen, Vereine aber auch Einzelpersonen zusammenfinden und im Sinne des Umwelt- und Naturschutzes in Th\u00fcringen zusammenarbeiten k\u00f6nnen. Das sind unsere Mitglieder:<\/p>\n<ul>\n<li>Gr\u00fcne Aktion Sachsen e.V. (ehemals GL Sachsen F\u00d6J e.V.)<\/li>\n<li>Kastanienhof Marth<\/li>\n<li>Lebenshilfewerk Ilmenau\/Rudolstadt e.V.<\/li>\n<li>Erzeuger-Verbraucher-Gemeinschaft Weimar eG<\/li>\n<li>Gemeinde Wohlsborn<\/li>\n<li>Heimatverein S\u00fc\u00dfenborn<\/li>\n<\/ul>\n","protected":false},"excerpt":{"rendered":"<p>Mitglieder Die GR\u00dcNE LIGA Th\u00fcringen versteht sich als Netzwerk, in dem Initiativen, Vereine aber auch Einzelpersonen zusammenfinden und im Sinne des Umwelt- und Naturschutzes in Th\u00fcringen zusammenarbeiten k\u00f6nnen. Das sind unsere Mitglieder: Gr\u00fcne Aktion Sachsen e.V. (ehemals GL Sachsen F\u00d6J e.V.) Kastanienhof Marth Lebenshilfewerk Ilmenau\/Rudolstadt e.V. Erzeuger-Verbraucher-Gemeinschaft Weimar eG Gemeinde Wohlsborn Heimatverein S\u00fc\u00dfenborn<\/p>\n","protected":false},"author":1,"featured_media":0,"parent":0,"menu_order":0,"comment_status":"open","ping_status":"open","template":"side-navigation.php","meta":{"footnotes":""},"class_list":["post-4189","page","type-page","status-publish","hentry"],"_links":{"self":[{"href":"https:\/\/www.grueneliga-thueringen.de\/en\/wp-json\/wp\/v2\/pages\/4189","targetHints":{"allow":["GET"]}}],"collection":[{"href":"https:\/\/www.grueneliga-thueringen.de\/en\/wp-json\/wp\/v2\/pages"}],"about":[{"href":"https:\/\/www.grueneliga-thueringen.de\/en\/wp-json\/wp\/v2\/types\/page"}],"author":[{"embeddable":true,"href":"https:\/\/www.grueneliga-thueringen.de\/en\/wp-json\/wp\/v2\/users\/1"}],"replies":[{"embeddable":true,"href":"https:\/\/www.grueneliga-thueringen.de\/en\/wp-json\/wp\/v2\/comments?post=4189"}],"version-history":[{"count":7,"href":"https:\/\/www.grueneliga-thueringen.de\/en\/wp-json\/wp\/v2\/pages\/4189\/revisions"}],"predecessor-version":[{"id":5730,"href":"https:\/\/www.grueneliga-thueringen.de\/en\/wp-json\/wp\/v2\/pages\/4189\/revisions\/5730"}],"wp:attachment":[{"href":"https:\/\/www.grueneliga-thueringen.de\/en\/wp-json\/wp\/v2\/media?parent=4189"}],"curies":[{"name":"wp","href":"https:\/\/api.w.org\/{rel}","templated":true}]}}