{"id":2803,"date":"2013-01-21T20:24:32","date_gmt":"2013-01-21T20:24:32","guid":{"rendered":"http:\/\/theme-fusion.com\/avada\/?page_id=2803"},"modified":"2024-10-14T12:11:57","modified_gmt":"2024-10-14T10:11:57","slug":"angebote","status":"publish","type":"page","link":"https:\/\/www.grueneliga-thueringen.de\/en\/angebote\/","title":{"rendered":"Angebote"},"content":{"rendered":"<div class=\"two_third\">\n<h1>Angebote der Gr\u00fcnen Liga<\/h1>\n<p>Die Landesstelle der Gr\u00fcnen Liga Th\u00fcringen hat ihren Sitz in Weimar, hier findet sich also die Basis der verschiedenen Mitglieder der Gr\u00fcnen Liga Th\u00fcringen mit der gr\u00fcnen Liga Weimar in Personalunion. In der Kulturstadt fliessen alle F\u00e4den zusammen. Die gr\u00fcne Liga Weimar \u00fcberdies bietet zentral verschiedene Dienstleistungen an, wie etwa den Fahrradverleih und die Umweltbibliothek. Weitere Angebote finden Sie auf dieser Seite. Die Angebote der anderen Mitglieder des Verbandes finden Sie unter<br \/>\n<i style=\"color:green !important;\"class=\"fontawesome-icon medium or  circle-no icon-arrow-right\"><\/i> <a href=\"http:\/\/www.grueneliga-thueringen.de\/regionalstellen\" target=\"_blank\" rel=\"noopener\">Regionalstellen<\/a>\u00a0 und <a href=\"http:\/\/www.grueneliga-thueringen.de\/mitglieder\" target=\"_blank\" rel=\"noopener\">Mitglieder<\/a><\/p>\n<p><\/div>\n<div class=\"one_third last\">\n<div class=\"title\"><h2>Wir in Th\u00fcringen<\/h2><div class=\"title-sep-container\"><div class=\"title-sep\"><\/div><\/div><\/div>\n<div class=\"accordian\">\n<h5 class=\"toggle \"><a href=\"#\"><span class=\"arrow\"><\/span>Vernetzung<\/a><\/h5><div class=\"toggle-content \" style=\"\">Wir vernetzen die Mitglieder aller Initiativen in Th\u00fcringen<\/div>\n<h5 class=\"toggle \"><a href=\"#\"><span class=\"arrow\"><\/span>aktiver Umweltschutz<\/a><\/h5><div class=\"toggle-content \" style=\"\">Wir betreiben Streuobstwiesenpflege regional<\/div>\n<h5 class=\"toggle \"><a href=\"#\"><span class=\"arrow\"><\/span>Meinungsbildung<\/a><\/h5><div class=\"toggle-content \" style=\"\">Wir mischen uns in die aktuellen Diskussionen zu Umweltthemen in der Region ein<\/div>\n<h5 class=\"toggle \"><a href=\"#\"><span class=\"arrow\"><\/span>Forschung &amp; Bildung<\/a><\/h5><div class=\"toggle-content \" style=\"\">Wir ver\u00f6ffentlichen Studien zu Kernobstsorten f\u00fcr Streuobstwiesen oder zu Effizienzkontrollen<\/div>\n<\/div>\n<\/div><div class=\"clearboth\"><\/div>\n<div class=\"demo-sep sep-none\" style=\"margin-top:40px;\"><\/div>\n<div class=\"one_third\">\n<h2>Umweltbibliotheken<\/h2>\n<style type='text\/css'>\n\t#imageframe-1.imageframe{float:;}\n\t#imageframe-1.imageframe img{border:5px solid white;}\n\t#imageframe-1.imageframe-glow img{\n\t\t-moz-box-shadow: 0 0 3px rgba(0,0,0,.3); \/* outer glow *\/\n\t\t-webkit-box-shadow: 0 0 3px rgba(0,0,0,.3); \/* outer glow *\/\n\t\tbox-shadow: 0 0 3px rgba(0,0,0,.3); \/* outer glow *\/\n\t}\n\t#imageframe-1.imageframe-dropshadow img{\n\t\t-moz-box-shadow: 2px 3px 7px rgba(0,0,0,.3); \/* drop shadow *\/\n\t\t-webkit-box-shadow: 2px 3px 7px rgba(0,0,0,.3); \/* drop shadow *\/\n\t\tbox-shadow: 2px 3px 7px rgba(0,0,0,.3); \/* drop shadow *\/\n\t}\n\t<\/style>\n\t<span id=\"imageframe-1\" class=\"imageframe imageframe-bottomshadow\"><a href=\"http:\/\/l3s3187.zeus03.de\/grueneliga-weimar.de\/wp\/wordpress\/wp-content\/uploads\/2013\/09\/umweltbibo.jpg\"><img loading=\"lazy\" decoding=\"async\" class=\"alignnone size-large wp-image-4075\" src=\"http:\/\/l3s3187.zeus03.de\/grueneliga-weimar.de\/wp\/wordpress\/wp-content\/uploads\/2013\/09\/umweltbibo-1024x768.jpg\" alt=\"umweltbibo\" width=\"1000\" height=\"750\" srcset=\"https:\/\/www.grueneliga-thueringen.de\/wp-content\/uploads\/2013\/09\/umweltbibo-1024x768.jpg 1024w, https:\/\/www.grueneliga-thueringen.de\/wp-content\/uploads\/2013\/09\/umweltbibo-300x225.jpg 300w, https:\/\/www.grueneliga-thueringen.de\/wp-content\/uploads\/2013\/09\/umweltbibo.jpg 1200w\" sizes=\"auto, (max-width: 1000px) 100vw, 1000px\" \/><\/a><span class=\"imageframe-shadow-left\"><\/span><span class=\"imageframe-shadow-right\"><\/span><\/span>\n<style type=\"text\/css\"><!--\nP { margin-bottom: 0.21cm; }\n--><\/style>\n<div class=\"demo-sep sep-none\" style=\"margin-top:5px;\"><\/div>Seit 1998 betreibt die GR\u00dcNE LIGA das gemeinsame Portal der deutschen Umweltbibliotheken: www.umweltbibliotheken.de.<\/p>\n<p>Umweltbibliotheken stellen heute einen unverzichtbaren Teil eines Informationsnetzwerkes dar, in dem wichtige, sonst schwer auffindbare Materialien im weiten Themenfeld &#8220;Umwelt&#8221; und vielf\u00e4ltige Beratungs- und Bildungsangebote bereitgehalten werden und denen daher sowohl gr\u00f6\u00dfere \u00f6ffentliche Aufmerksamkeit als auch Unterst\u00fctzung geb\u00fchrt.<br \/>\nDie Umweltbibliothek der GR\u00dcNEN LIGA Weimar e.V. existiert seit 1990.<br \/>\nSie ist Partner im Projekt \u201eWissen erobern \u2013 Sch\u00fcler entdecken Weimarer Bibliotheken\u201c (Flyer Pdf) www.grueneliga.de\/thueringen\/weimar<br \/>\nDie Umweltbibliothek\/-infothek der IG Stadt\u00f6kologie Arnstadt e.V. wurde 1991 ins Leben gerufen. <a href=\"\/\/\" target=\"_blank\" rel=\"noopener\">www.stadtoekologie-arnstadt.de<\/a><\/p>\n<p><\/div>\n<div class=\"one_third\">\n<h2>Manuelle Obstpresse<\/h2>\n<style type='text\/css'>\n\t#imageframe-2.imageframe{float:;}\n\t#imageframe-2.imageframe img{border:5px solid white;}\n\t#imageframe-2.imageframe-glow img{\n\t\t-moz-box-shadow: 0 0 3px rgba(0,0,0,.3); \/* outer glow *\/\n\t\t-webkit-box-shadow: 0 0 3px rgba(0,0,0,.3); \/* outer glow *\/\n\t\tbox-shadow: 0 0 3px rgba(0,0,0,.3); \/* outer glow *\/\n\t}\n\t#imageframe-2.imageframe-dropshadow img{\n\t\t-moz-box-shadow: 2px 3px 7px rgba(0,0,0,.3); \/* drop shadow *\/\n\t\t-webkit-box-shadow: 2px 3px 7px rgba(0,0,0,.3); \/* drop shadow *\/\n\t\tbox-shadow: 2px 3px 7px rgba(0,0,0,.3); \/* drop shadow *\/\n\t}\n\t<\/style>\n\t<span id=\"imageframe-2\" class=\"imageframe imageframe-bottomshadow\"><a href=\"http:\/\/l3s3187.zeus03.de\/grueneliga-weimar.de\/wp\/wordpress\/wp-content\/uploads\/2013\/01\/Saftpresse.jpg\"><img loading=\"lazy\" decoding=\"async\" class=\"alignnone size-full wp-image-4087\" src=\"http:\/\/l3s3187.zeus03.de\/grueneliga-weimar.de\/wp\/wordpress\/wp-content\/uploads\/2013\/01\/Saftpresse.jpg\" alt=\"Saftpresse\" width=\"411\" height=\"500\" srcset=\"https:\/\/www.grueneliga-thueringen.de\/wp-content\/uploads\/2013\/01\/Saftpresse.jpg 411w, https:\/\/www.grueneliga-thueringen.de\/wp-content\/uploads\/2013\/01\/Saftpresse-246x300.jpg 246w\" sizes=\"auto, (max-width: 411px) 100vw, 411px\" \/><\/a><span class=\"imageframe-shadow-left\"><\/span><span class=\"imageframe-shadow-right\"><\/span><\/span>\n<div class=\"demo-sep sep-none\" style=\"margin-top:5px;\"><\/div>\n<p>Die manuelle Obstpresse kann bei der GR\u00dcNEN LIGA ausgeliehen werden.<\/p>\n<style type='text\/css'>\n\t\t#pricing-table-1.full-boxed-pricing{background-color:#f8f8f8 !important;}\n\t\t#pricing-table-1 .column{background-color:#ffffff !important;border-color:#ededed !important;}\n\t\t#pricing-table-1.sep-boxed-pricing .column{background-color:#f8f8f8 !important;}\n\t\t#pricing-table-1 .column li{border-color:#ededed !important;}\n\t\t#pricing-table-1 li.normal-row{background-color:#ffffff !important;}\n\t\t#pricing-table-1.full-boxed-pricing li.title-row{background-color:#ffffff !important;}\n\t\t#pricing-table-1 li.pricing-row,#pricing-table-1 li.footer-row{background-color:#f8f8f8 !important;}\n\t\t<\/style><div id=\"pricing-table-1\" class=\"full-boxed-pricing\"><div class=\"column\"><ul><li class=\"title-row\">Ausleihe<\/li>\n<li class=\"pricing-row\"><div class=\"price price-with-decimal\"><strong>\u20ac<\/strong><em class=\"exact_price\">15<\/em><sup>00<\/sup><em class=\"time\">\/Tag<\/em><\/div><\/li>\n<li class=\"footer-row\"><\/li><\/ul><\/div>\n<\/div><div class=\"clear\"><\/div><\/div>\n<div class=\"one_third last\">\n<h2>Apfelerlebniskiste<\/h2>\n<style type='text\/css'>\n\t#imageframe-3.imageframe{float:;}\n\t#imageframe-3.imageframe img{border:5px solid white;}\n\t#imageframe-3.imageframe-glow img{\n\t\t-moz-box-shadow: 0 0 3px rgba(0,0,0,.3); \/* outer glow *\/\n\t\t-webkit-box-shadow: 0 0 3px rgba(0,0,0,.3); \/* outer glow *\/\n\t\tbox-shadow: 0 0 3px rgba(0,0,0,.3); \/* outer glow *\/\n\t}\n\t#imageframe-3.imageframe-dropshadow img{\n\t\t-moz-box-shadow: 2px 3px 7px rgba(0,0,0,.3); \/* drop shadow *\/\n\t\t-webkit-box-shadow: 2px 3px 7px rgba(0,0,0,.3); \/* drop shadow *\/\n\t\tbox-shadow: 2px 3px 7px rgba(0,0,0,.3); \/* drop shadow *\/\n\t}\n\t<\/style>\n\t<span id=\"imageframe-3\" class=\"imageframe imageframe-bottomshadow\"><a href=\"http:\/\/l3s3187.zeus03.de\/grueneliga-weimar.de\/wp\/wordpress\/wp-content\/uploads\/2013\/01\/apfelerlebnis.jpg\"><img loading=\"lazy\" decoding=\"async\" class=\"alignnone size-full wp-image-4090\" src=\"http:\/\/l3s3187.zeus03.de\/grueneliga-weimar.de\/wp\/wordpress\/wp-content\/uploads\/2013\/01\/apfelerlebnis.jpg\" alt=\"apfelerlebnis\" width=\"500\" height=\"488\" srcset=\"https:\/\/www.grueneliga-thueringen.de\/wp-content\/uploads\/2013\/01\/apfelerlebnis.jpg 500w, https:\/\/www.grueneliga-thueringen.de\/wp-content\/uploads\/2013\/01\/apfelerlebnis-300x292.jpg 300w, https:\/\/www.grueneliga-thueringen.de\/wp-content\/uploads\/2013\/01\/apfelerlebnis-52x50.jpg 52w\" sizes=\"auto, (max-width: 500px) 100vw, 500px\" \/><\/a><span class=\"imageframe-shadow-left\"><\/span><span class=\"imageframe-shadow-right\"><\/span><\/span>\n<div class=\"demo-sep sep-none\" style=\"margin-top:5px;\"><\/div>\n<p><\/div><div class=\"clearboth\"><\/div>\n<div class=\"demo-sep sep-none\" style=\"margin-top:15px;\"><\/div>\n<div class=\"demo-sep sep-dashed\" style=\"margin-top:10px;margin-bottom:10px\"><\/div>\n<div class=\"demo-sep sep-none\" style=\"margin-top:20px;\"><\/div>\n<div class=\"one_third\">\n<h2>Fahrradverleih in Weimar<\/h2>\n<style type='text\/css'>\n\t#imageframe-4.imageframe{float:;}\n\t#imageframe-4.imageframe img{border:5px solid white;}\n\t#imageframe-4.imageframe-glow img{\n\t\t-moz-box-shadow: 0 0 3px rgba(0,0,0,.3); \/* outer glow *\/\n\t\t-webkit-box-shadow: 0 0 3px rgba(0,0,0,.3); \/* outer glow *\/\n\t\tbox-shadow: 0 0 3px rgba(0,0,0,.3); \/* outer glow *\/\n\t}\n\t#imageframe-4.imageframe-dropshadow img{\n\t\t-moz-box-shadow: 2px 3px 7px rgba(0,0,0,.3); \/* drop shadow *\/\n\t\t-webkit-box-shadow: 2px 3px 7px rgba(0,0,0,.3); \/* drop shadow *\/\n\t\tbox-shadow: 2px 3px 7px rgba(0,0,0,.3); \/* drop shadow *\/\n\t}\n\t<\/style>\n\t<span id=\"imageframe-4\" class=\"imageframe imageframe-bottomshadow\"><a href=\"http:\/\/l3s3187.zeus03.de\/grueneliga-weimar.de\/wp\/wordpress\/wp-content\/uploads\/2013\/09\/rollplatz-klein.jpg\"><img loading=\"lazy\" decoding=\"async\" class=\"alignnone size-full wp-image-4072\" src=\"http:\/\/l3s3187.zeus03.de\/grueneliga-weimar.de\/wp\/wordpress\/wp-content\/uploads\/2013\/09\/rollplatz-klein.jpg\" alt=\"rollplatz-klein\" width=\"692\" height=\"466\" srcset=\"https:\/\/www.grueneliga-thueringen.de\/wp-content\/uploads\/2013\/09\/rollplatz-klein.jpg 692w, https:\/\/www.grueneliga-thueringen.de\/wp-content\/uploads\/2013\/09\/rollplatz-klein-300x202.jpg 300w\" sizes=\"auto, (max-width: 692px) 100vw, 692px\" \/><\/a><span class=\"imageframe-shadow-left\"><\/span><span class=\"imageframe-shadow-right\"><\/span><\/span>\n<div class=\"demo-sep sep-none\" style=\"margin-top:5px;\"><\/div>Bei der\u00a0GR\u00dcNEN LIGA k\u00f6nnen Fahrr\u00e4der tageweise ausgeliehen werden. Die Ausleihe befindet sich auf dem Hof des Hauses Goetheplatz 9b. Hier geht&#8217;s zum Fahrradverleih.<\/p>\n<p><\/div>\n<div class=\"one_third\">\n<h2>Alligator<\/h2>\n<style type='text\/css'>\n\t#imageframe-5.imageframe{float:;}\n\t#imageframe-5.imageframe img{border:5px solid white;}\n\t#imageframe-5.imageframe-glow img{\n\t\t-moz-box-shadow: 0 0 3px rgba(0,0,0,.3); \/* outer glow *\/\n\t\t-webkit-box-shadow: 0 0 3px rgba(0,0,0,.3); \/* outer glow *\/\n\t\tbox-shadow: 0 0 3px rgba(0,0,0,.3); \/* outer glow *\/\n\t}\n\t#imageframe-5.imageframe-dropshadow img{\n\t\t-moz-box-shadow: 2px 3px 7px rgba(0,0,0,.3); \/* drop shadow *\/\n\t\t-webkit-box-shadow: 2px 3px 7px rgba(0,0,0,.3); \/* drop shadow *\/\n\t\tbox-shadow: 2px 3px 7px rgba(0,0,0,.3); \/* drop shadow *\/\n\t}\n\t<\/style>\n\t<span id=\"imageframe-5\" class=\"imageframe imageframe-bottomshadow\"><img loading=\"lazy\" decoding=\"async\" class=\"alignnone\" src=\"http:\/\/www.grueneliga.de\/tl_files\/shopbilder\/shopbilder_alligator_jahresabo.jpg\" alt=\"\" width=\"420\" height=\"594\" \/><span class=\"imageframe-shadow-left\"><\/span><span class=\"imageframe-shadow-right\"><\/span><\/span>\n<div class=\"demo-sep sep-none\" style=\"margin-top:5px;\"><\/div>Im August 1990 erschien der erste Rundbrief des Bundesverbandes der GR\u00dcNEN LIGA. Seit Oktober 1993 wird er mit dem heutigen Konzept und im heutigen Format sechsmal pro Jahr herausgegeben, seit 1996 unter dem Namen ALLIGATOR. Anliegen des Rundbriefes ist es, die interne Kommunikation der GR\u00dcNEN LIGA, d.h. den Informationsaustausch innerhalb der Mitgliedschaft des Netzwerkes, zu gew\u00e4hrleisten und zu bef\u00f6rdern. Dar\u00fcber hinaus kann der Rundbrief von weiteren interessierten Personen bezogen werden. F\u00fcr mehr Infos: <a title=\"Alligator bei den gr\u00fcnen Ligen\" href=\"http:\/\/www.grueneliga.de\/alligator.html\">Hier geht&#8217;s zur Seite der Gr\u00fcnen Liga Deutschland.<\/a><\/p>\n<p>Und hier k\u00f6nnt Ihr den aktuellen Alligator runterladen: <a href=\"http:\/\/www.grueneliga.de\/aktuelle_ausgabe.html\" target=\"_blank\" rel=\"noopener\">Alligator aktuell!<\/a><\/p>\n<p><\/div>\n<div class=\"one_third last\">\n<h2>Publikationen<\/h2>\n<p><a href=\"http:\/\/www.grueneliga-thueringen.dewp-content\/uploads\/2013\/09\/publikationen.jpg\"><style type='text\/css'>\n\t#imageframe-6.imageframe{float:;}\n\t#imageframe-6.imageframe img{border:5px solid white;}\n\t#imageframe-6.imageframe-glow img{\n\t\t-moz-box-shadow: 0 0 3px rgba(0,0,0,.3); \/* outer glow *\/\n\t\t-webkit-box-shadow: 0 0 3px rgba(0,0,0,.3); \/* outer glow *\/\n\t\tbox-shadow: 0 0 3px rgba(0,0,0,.3); \/* outer glow *\/\n\t}\n\t#imageframe-6.imageframe-dropshadow img{\n\t\t-moz-box-shadow: 2px 3px 7px rgba(0,0,0,.3); \/* drop shadow *\/\n\t\t-webkit-box-shadow: 2px 3px 7px rgba(0,0,0,.3); \/* drop shadow *\/\n\t\tbox-shadow: 2px 3px 7px rgba(0,0,0,.3); \/* drop shadow *\/\n\t}\n\t<\/style>\n\t<span id=\"imageframe-6\" class=\"imageframe imageframe-bottomshadow\"><\/a><a href=\"http:\/\/l3s3187.zeus03.de\/grueneliga-weimar.de\/wp\/wordpress\/wp-content\/uploads\/2013\/09\/publikationen.jpg\"><img loading=\"lazy\" decoding=\"async\" class=\"alignnone size-full wp-image-4073\" src=\"http:\/\/l3s3187.zeus03.de\/grueneliga-weimar.de\/wp\/wordpress\/wp-content\/uploads\/2013\/09\/publikationen.jpg\" alt=\"publikationen\" width=\"960\" height=\"638\" srcset=\"https:\/\/www.grueneliga-thueringen.de\/wp-content\/uploads\/2013\/09\/publikationen.jpg 960w, https:\/\/www.grueneliga-thueringen.de\/wp-content\/uploads\/2013\/09\/publikationen-300x199.jpg 300w\" sizes=\"auto, (max-width: 960px) 100vw, 960px\" \/><\/a><span class=\"imageframe-shadow-left\"><\/span><span class=\"imageframe-shadow-right\"><\/span><\/span>\n<div class=\"demo-sep sep-none\" style=\"margin-top:5px;\"><\/div>\n<p><a href=\"http:\/\/www.grueneliga-thueringen.de\/publikationen\/\">Hier k\u00f6nnt Ihr unsere Publikationen erwerben<\/a><\/p>\n<p><\/div><div class=\"clearboth\"><\/div>\n<div class=\"one_third\"><\/div>\n","protected":false},"excerpt":{"rendered":"","protected":false},"author":1,"featured_media":0,"parent":0,"menu_order":0,"comment_status":"open","ping_status":"closed","template":"full-width.php","meta":{"footnotes":""},"class_list":["post-2803","page","type-page","status-publish","hentry"],"_links":{"self":[{"href":"https:\/\/www.grueneliga-thueringen.de\/en\/wp-json\/wp\/v2\/pages\/2803","targetHints":{"allow":["GET"]}}],"collection":[{"href":"https:\/\/www.grueneliga-thueringen.de\/en\/wp-json\/wp\/v2\/pages"}],"about":[{"href":"https:\/\/www.grueneliga-thueringen.de\/en\/wp-json\/wp\/v2\/types\/page"}],"author":[{"embeddable":true,"href":"https:\/\/www.grueneliga-thueringen.de\/en\/wp-json\/wp\/v2\/users\/1"}],"replies":[{"embeddable":true,"href":"https:\/\/www.grueneliga-thueringen.de\/en\/wp-json\/wp\/v2\/comments?post=2803"}],"version-history":[{"count":94,"href":"https:\/\/www.grueneliga-thueringen.de\/en\/wp-json\/wp\/v2\/pages\/2803\/revisions"}],"predecessor-version":[{"id":6101,"href":"https:\/\/www.grueneliga-thueringen.de\/en\/wp-json\/wp\/v2\/pages\/2803\/revisions\/6101"}],"wp:attachment":[{"href":"https:\/\/www.grueneliga-thueringen.de\/en\/wp-json\/wp\/v2\/media?parent=2803"}],"curies":[{"name":"wp","href":"https:\/\/api.w.org\/{rel}","templated":true}]}}