{"id":26,"date":"2013-09-11T17:15:21","date_gmt":"2013-09-11T15:15:21","guid":{"rendered":"http:\/\/www.grueneliga-thueringen.de?page_id=26"},"modified":"2015-02-03T13:51:17","modified_gmt":"2015-02-03T12:51:17","slug":"ueber-uns","status":"publish","type":"page","link":"https:\/\/www.grueneliga-thueringen.de\/en\/ueber-uns\/","title":{"rendered":"\u00dcber uns"},"content":{"rendered":"<h1>Wir tun was, Mensch!<\/h1>\n<p>Die GR\u00dcNE LIGA ist ein Netzwerk, welches Gruppen, Initiativen und Einzelpersonen koordiniert, die sich f\u00fcr eine \u00d6kologisierung der Gesellschaft einsetzen.<\/p>\n<p>Die GR\u00dcNE LIGA hat ihre Wurzeln in den kirchlichen Umwelt- und Friedensgruppen, Stadt\u00f6kologiegruppen sowie vielen \u00f6rtlichen Natur- und Umweltschutzinitiativen der DDR. Diese gr\u00fcndeten 1990 die GR\u00dcNE LIGA \u2013 das Netzwerk \u00d6kologischer Bewegungen.<\/p>\n<p>Die GR\u00dcNE LIGA Th\u00fcringen ist ein eingetragener und gemeinn\u00fctziger Verein. Als ein nach Bundesnaturschutzgesetz anerkannter Naturschutzverband arbeiten wir projektbezogen in vielf\u00e4ltigen Bereichen des Umwelt- und Naturschutzes.<span style=\"color: #000000;\"> Zwei Regionalvereinigungen des Landesverbandes <span style=\"color: #000000;\">sind die IG Stadt\u00f6kologie Arnstadt und die GR\u00dcNE LIGA Weimar. Alle weiteren Mitglieder sind Mitgliedsgruppen, wie z.B. die GR\u00dcNE LIGA Eichsfeld, das Einkehrhaus Bischofrod, F\u00f6rderverein Schloss Bedheim e.V. und das Lebenshilfewerk Ilmenau-Rudolstadt. <\/span><\/span><\/p>\n<p>Die GR\u00dcNE LIGA Th\u00fcringen e.V. ist Mitglied<\/p>\n<ul>\n<li>in der <a href=\"http:\/\/www.vzth.de\/home\" target=\"_blank\">Verbraucherzentrale Th\u00fcringen<\/a><\/li>\n<li>im <a href=\"http:\/\/www.oekoherz.de\/\" target=\"_blank\">F\u00f6rderverein Th\u00fcringer \u00d6koherz e.V.<\/a><\/li>\n<li>des <a href=\"http:\/\/www.umweltbildung-akuth.de\/akuth\/\" target=\"_blank\">Arbeitskreises Umweltbildung Th\u00fcringen<\/a><\/li>\n<li>im <a href=\"http:\/\/www.ewnt.de\/\" target=\"_blank\">EineWeltNetzwerk Th\u00fcringen<\/a><\/li>\n<li>im <a href=\"http:\/\/www.einkehrhaus.de\/\" target=\"_blank\">F\u00f6rderverein Einkehrhaus Bischofrod<\/a><\/li>\n<li>in der <a href=\"http:\/\/www.th.leb.de\" target=\"_blank\">L\u00e4ndliche Erwachsenen Bildung Th\u00fcringen<\/a><\/li>\n<li>im <a href=\"http:\/\/www.idur.de\/\" target=\"_blank\">Informationsdienst Umweltrecht (IDUR)<\/a><\/li>\n<\/ul>\n<p>und geh\u00f6rt zu den Gr\u00fcndungsmitgliedern der Initiative \u201eMehr Demokratie in Th\u00fcringen\u201c.<\/p>\n<p>&nbsp;<\/p>\n","protected":false},"excerpt":{"rendered":"<p>Wir tun was, Mensch! Die GR\u00dcNE LIGA ist ein Netzwerk, welches Gruppen, Initiativen und Einzelpersonen koordiniert, die sich f\u00fcr eine \u00d6kologisierung der Gesellschaft einsetzen. Die GR\u00dcNE LIGA hat ihre Wurzeln in den kirchlichen Umwelt- und Friedensgruppen, Stadt\u00f6kologiegruppen sowie vielen \u00f6rtlichen Natur- und Umweltschutzinitiativen der DDR. Diese gr\u00fcndeten 1990 die GR\u00dcNE LIGA \u2013 das Netzwerk \u00d6kologischer Bewegungen. Die GR\u00dcNE LIGA Th\u00fcringen ist ein eingetragener und gemeinn\u00fctziger Verein. Als ein nach Bundesnaturschutzgesetz anerkannter Naturschutzverband arbeiten wir projektbezogen in vielf\u00e4ltigen Bereichen des Umwelt- und Naturschutzes. Zwei Regionalvereinigungen des Landesverbandes sind die IG Stadt\u00f6kologie Arnstadt und die GR\u00dcNE LIGA Weimar. Alle weiteren Mitglieder sind Mitgliedsgruppen, wie z.B. die GR\u00dcNE LIGA Eichsfeld, das Einkehrhaus Bischofrod, F\u00f6rderverein Schloss Bedheim e.V. und das Lebenshilfewerk Ilmenau-Rudolstadt. Die GR\u00dcNE LIGA Th\u00fcringen e.V. ist Mitglied in der Verbraucherzentrale Th\u00fcringen im F\u00f6rderverein Th\u00fcringer \u00d6koherz e.V. des Arbeitskreises Umweltbildung Th\u00fcringen im EineWeltNetzwerk Th\u00fcringen im F\u00f6rderverein Einkehrhaus Bischofrod in der L\u00e4ndliche Erwachsenen Bildung Th\u00fcringen im Informationsdienst Umweltrecht (IDUR) und geh\u00f6rt zu den Gr\u00fcndungsmitgliedern der Initiative \u201eMehr Demokratie in Th\u00fcringen\u201c. &nbsp;<\/p>\n","protected":false},"author":1,"featured_media":0,"parent":0,"menu_order":0,"comment_status":"open","ping_status":"closed","template":"full-width.php","meta":{"footnotes":""},"class_list":["post-26","page","type-page","status-publish","hentry"],"_links":{"self":[{"href":"https:\/\/www.grueneliga-thueringen.de\/en\/wp-json\/wp\/v2\/pages\/26","targetHints":{"allow":["GET"]}}],"collection":[{"href":"https:\/\/www.grueneliga-thueringen.de\/en\/wp-json\/wp\/v2\/pages"}],"about":[{"href":"https:\/\/www.grueneliga-thueringen.de\/en\/wp-json\/wp\/v2\/types\/page"}],"author":[{"embeddable":true,"href":"https:\/\/www.grueneliga-thueringen.de\/en\/wp-json\/wp\/v2\/users\/1"}],"replies":[{"embeddable":true,"href":"https:\/\/www.grueneliga-thueringen.de\/en\/wp-json\/wp\/v2\/comments?post=26"}],"version-history":[{"count":26,"href":"https:\/\/www.grueneliga-thueringen.de\/en\/wp-json\/wp\/v2\/pages\/26\/revisions"}],"predecessor-version":[{"id":4920,"href":"https:\/\/www.grueneliga-thueringen.de\/en\/wp-json\/wp\/v2\/pages\/26\/revisions\/4920"}],"wp:attachment":[{"href":"https:\/\/www.grueneliga-thueringen.de\/en\/wp-json\/wp\/v2\/media?parent=26"}],"curies":[{"name":"wp","href":"https:\/\/api.w.org\/{rel}","templated":true}]}}