{"id":2300,"date":"2012-12-04T15:19:54","date_gmt":"2012-12-04T15:19:54","guid":{"rendered":"http:\/\/theme-fusion.com\/avada\/?page_id=2300"},"modified":"2012-12-04T15:19:54","modified_gmt":"2012-12-04T15:19:54","slug":"home-version-4","status":"publish","type":"page","link":"https:\/\/www.grueneliga-thueringen.de\/en\/home-version-4\/","title":{"rendered":"Home Version 4"},"content":{"rendered":"<div class=\"demo-sep sep-none\" style=\"margin-top:10px;\"><\/div>\n<style type='text\/css'>#reading-box-container-1 .tagline-shadow:before,#reading-box-container-1 .tagline-shadow:after{opacity:0.7;}<\/style><div class=\"reading-box-container\" id=\"reading-box-container-1\"><section class=\"reading-box \" style=\"background-color:#f6f6f6 !important;border-width:0px;border-color:#f6f6f6!important;border-left-width:3px !important;border-left-color:#566e14!important;border-style:solid;\"><a href=\"http:\/\/themeforest.net\/user\/ThemeFusion\" target=\"_self\" class=\"continue button large default\">Purchase Now<\/a><h2>Avada makes is so easy to build pages with tons of shortcodes!<\/h2><p>And it has some awesome features, premium sliders, unlimited colors, advanced theme options and so much more!<\/p><a href=\"http:\/\/themeforest.net\/user\/ThemeFusion\" target=\"_self\" class=\"continue mobile-button button large default\">Purchase Now<\/a><\/section><\/div>\n<div class=\"one_half\">\n<div class=\"flexslider clearfix\" style=\"max-width:100%;height:100%;\"><ul class=\"slides\"><li class=\"image\"><img decoding=\"async\" src=\"http:\/\/www.grueneliga-thueringen.dewp-content\/uploads\/2013\/02\/image_4.jpg\" alt=\"\" \/><\/li><li class=\"image\"><img decoding=\"async\" src=\"http:\/\/www.grueneliga-thueringen.dewp-content\/uploads\/2013\/02\/image_4.jpg\" alt=\"\" \/><\/li><li class=\"image\"><img decoding=\"async\" src=\"http:\/\/www.grueneliga-thueringen.dewp-content\/uploads\/2013\/02\/image_4.jpg\" alt=\"\" \/><\/li><\/ul><\/div>\n<\/div>\n<div class=\"one_half last\">\n<div class=\"accordian\">\n<h5 class=\"toggle active\"><a href=\"#\"><span class=\"arrow\"><\/span>Our Company Mission<\/a><\/h5><div class=\"toggle-content default-open\" style=\"display: block;\">Fugiat dapibus, tellus ac cursus commodo, mauris sit condim eser ntumsi nibh, uum a justo vitaes amet risus amets un. Posi sectetut amet fermntum orem ipsum quia dolor sit amet, consectetur, adipisci velit, sed quia nons.<\/div>\n<h5 class=\"toggle \"><a href=\"#\"><span class=\"arrow\"><\/span>The Avada Philosophy<\/a><\/h5><div class=\"toggle-content \" style=\"\">Fugiat dapibus, tellus ac cursus commodo, mauris sit condim eser ntumsi nibh, uum a justo vitaes amet risus amets un. Posi sectetut amet fermntum orem ipsum quia dolor sit amet, consectetur, adipisci velit, sed quia nons.<\/div>\n<h5 class=\"toggle \"><a href=\"#\"><span class=\"arrow\"><\/span>The Avada Promise<\/a><\/h5><div class=\"toggle-content \" style=\"\">Fugiat dapibus, tellus ac cursus commodo, mauris sit condim eser ntumsi nibh, uum a justo vitaes amet risus amets un. Posi sectetut amet fermntum orem ipsum quia dolor sit amet, consectetur, adipisci velit, sed quia nons.<\/div>\n<h5 class=\"toggle \"><a href=\"#\"><span class=\"arrow\"><\/span>We Can Deliver On Projects<\/a><\/h5><div class=\"toggle-content \" style=\"\">Fugiat dapibus, tellus ac cursus commodo, mauris sit condim eser ntumsi nibh, uum a justo vitaes amet risus amets un. Posi sectetut amet fermntum orem ipsum quia dolor sit amet, consectetur, adipisci velit, sed quia nons.<\/div>\n<\/div>\n<\/div><div class=\"clearboth\"><\/div>\n<div class=\"title\"><h2>Latest From The Blog<\/h2><div class=\"title-sep-container\"><div class=\"title-sep\"><\/div><\/div><\/div>\n<div class=\"avada-container\"><section class=\"columns columns-4\" style=\"width:100%\"><div class=\"holder\"><article class=\"col\"><h4><a href=\"https:\/\/www.grueneliga-thueringen.de\/en\/fuenf-vor-zwoelf-naturschutz-unter-druck-verbaende-uebergeben-offenen-brief-an-umweltminister-kummer\/\">F\u00fcnf vor zw\u00f6lf \u2013 Naturschutz unter Druck: Verb\u00e4nde \u00fcbergeben Offenen Brief an Umweltminister Kummer<\/a><\/h4><ul class=\"meta\"><li><em class=\"date\">June 16th, 2025<\/em><\/li><\/ul><p><div class=\"excerpt-container\"><p>\u201e(K)ein Stich ins Gr\u00fcne Herz, Minister Kummer\u201c \u2013 <\/p>\n<p>Protestaktion gegen geplante Mittelk\u00fcrzungen im Naturschutz<\/p>\n<p>Gemeinsame [...]<\/div><\/p><\/article><article class=\"col\"><h4><a href=\"https:\/\/www.grueneliga-thueringen.de\/en\/wir-trauern-um-michael-welz\/\">Wir trauern um Michael Welz<\/a><\/h4><ul class=\"meta\"><li><em class=\"date\">April 16th, 2025<\/em><\/li><\/ul><p><div class=\"excerpt-container\"><p>Nachruf: Mit gro\u00dfer Betroffenheit nehmen wir Abschied von Micha Welz, der am 5. April [...]<\/div><\/p><\/article><article class=\"col\"><h4><a href=\"https:\/\/www.grueneliga-thueringen.de\/en\/erfolg-fur-die-verkehrswende-und-die-grune-liga-thuringen-werrabahntrasse-bleibt-gewidmete-eisenbahnstrecke-landkreis-gesteht-strassenschwarzbau-ein\/\">Erfolg  f\u00fcr die Verkehrswende und die GR\u00dcNE LIGA Th\u00fcringen: Werrabahntrasse  bleibt gewidmete Eisenbahnstrecke &#8211; Landkreis gesteht Stra\u00dfenschwarzbau  ein<\/a><\/h4><ul class=\"meta\"><li><em class=\"date\">November 11th, 2022<\/em><\/li><\/ul><p><div class=\"excerpt-container\"><p>Im Rechtsstreit um die \u00dcberbauung der Werrabahntrasse im Landkreis Hildburghausen durch die Kreisstra\u00dfe K [...]<\/div><\/p><\/article><article class=\"col\"><h4><a href=\"https:\/\/www.grueneliga-thueringen.de\/en\/nach-widerspruch-der-grunen-liga-thuringen\/\">Nach Widerspruch der GR\u00dcNEN LIGA Th\u00fcringen:<\/a><\/h4><ul class=\"meta\"><li><em class=\"date\">May 18th, 2021<\/em><\/li><\/ul><p><div class=\"excerpt-container\"><p>Th\u00fcringer Landesamt erkl\u00e4rt Bau der Kreisstra\u00dfe K 530 auf Werrabahntrasse f\u00fcr rechtswidrig.<\/p>\n<p>Das Th\u00fcringer Landesamt [...]<\/div><\/p><\/article><article class=\"col\"><h4><a href=\"https:\/\/www.grueneliga-thueringen.de\/en\/1-658-unterzeichnerinnen-fuer-eine-vollstaendige-renaturierung\/\">1.658 Unterzeichner:innen f\u00fcr eine vollst\u00e4ndige Renaturierung!<\/a><\/h4><ul class=\"meta\"><li><em class=\"date\">May 12th, 2021<\/em><\/li><\/ul><p><div class=\"excerpt-container\"><p>B\u00fcndnis fordert Moratorium f\u00fcr das EOW-Gel\u00e4nde &#8211; Einstellung aller st\u00e4dtischen Planungen bis zur Befassung [...]<\/div><\/p><\/article><article class=\"col\"><h4><a href=\"https:\/\/www.grueneliga-thueringen.de\/en\/weimarer-umwelt-und-naturschutzverbaende-bund-gruene-liga-und-nabu-rufen-zum-mitzeichnen-auf\/\">Weimarer Umwelt- und Naturschutzverb\u00e4nde (BUND, GR\u00dcNE LIGA und NABU) rufen zum Mitzeichnen auf:<\/a><\/h4><ul class=\"meta\"><li><em class=\"date\">March 29th, 2021<\/em><\/li><\/ul><p><div class=\"excerpt-container\"><p>Petition f\u00fcr die vollst\u00e4ndige Renaturierung der Industriebrache in der Ilmaue\/Oberweimar &#8211; f\u00fcr eine zukunftsf\u00e4hige [...]<\/div><\/p><\/article><article class=\"col\"><div class=\"flexslider floated-post-slideshow\"><ul class=\"slides\"><li>\n\t\t\t\t\t<a href=\"https:\/\/www.grueneliga-thueringen.de\/en\/thueringer-landwirtschaftsminister-knickt-vor-agrarindustrie-ein-jetzt-umsteuern-herr-hoff\/\" rel=\"\"><img decoding=\"async\" src=\"https:\/\/www.grueneliga-thueringen.de\/wp-content\/uploads\/2021\/03\/IMG_6056-640x441.jpg\" alt=\"Th\u00fcringer Landwirtschaftsminister knickt vor Agrarindustrie ein &#8211; Jetzt umsteuern, Herr Hoff\" \/><\/a>\n\t\t\t\t<\/li><\/ul>\n\t\t<\/div><h4><a href=\"https:\/\/www.grueneliga-thueringen.de\/en\/thueringer-landwirtschaftsminister-knickt-vor-agrarindustrie-ein-jetzt-umsteuern-herr-hoff\/\">Th\u00fcringer Landwirtschaftsminister knickt vor Agrarindustrie ein &#8211; Jetzt umsteuern, Herr Hoff<\/a><\/h4><ul class=\"meta\"><li><em class=\"date\">March 16th, 2021<\/em><\/li><\/ul><p><div class=\"excerpt-container\"><p>Verb\u00e4nde aus Landwirtschaft und Naturschutz machen sich f\u00fcr eine bauern-, tier- und umweltfreundliche Agrarpolitik [...]<\/div><\/p><\/article><article class=\"col\"><h4><a href=\"https:\/\/www.grueneliga-thueringen.de\/en\/gruene-liga-thueringen-verlegung-der-kreisstrasse-k530-bei-eisfeld-ist-ein-schwarzbau\/\">GR\u00dcNE LIGA Th\u00fcringen: Verlegung der Kreisstra\u00dfe K530 bei Eisfeld ist ein Schwarzbau<\/a><\/h4><ul class=\"meta\"><li><em class=\"date\">January 19th, 2021<\/em><\/li><\/ul><p><div class=\"excerpt-container\"><p>Landkreis Hildburghausen muss Blockade der Werrabahn umgehend beenden <\/p>\n<p>Eklatante Rechtsverst\u00f6\u00dfe gegen Planungs-, Umwelt- und [...]<\/div><\/p><\/article><article class=\"col\"><h4><a href=\"https:\/\/www.grueneliga-thueringen.de\/en\/offener-brief-des-naturschutzbeirates-der-stadt-weimar-zum-beabsichtigten-verkauf-des-eow-gelaendes-an-der-ilm\/\">Offener Brief des Naturschutzbeirates der Stadt Weimar zum beabsichtigten Verkauf des EOW-Gel\u00e4ndes an der Ilm<\/a><\/h4><ul class=\"meta\"><li><em class=\"date\">November 18th, 2020<\/em><\/li><\/ul><p><div class=\"excerpt-container\"><p> 6. November 2020 <\/p>\n<p>Mitglieder des Naturschutzbeirates der Stadt Weimar (siehe Namensliste am Ende [...]<\/div><\/p><\/article><article class=\"col\"><h4><a href=\"https:\/\/www.grueneliga-thueringen.de\/en\/spatenstich-an-der-b-243-planungen-an-der-b-247-endlich-einstellen\/\">Spatenstich an der B 243: Planungen an der B 247 endlich einstellen!<\/a><\/h4><ul class=\"meta\"><li><em class=\"date\">October 21st, 2020<\/em><\/li><\/ul><p><div class=\"excerpt-container\"><p>Anl\u00e4sslich des heutigen Spatenstichs f\u00fcr die Umfahrungen der Ortschaften Holbach und G\u00fcnzerode im Verlauf [...]<\/div><\/p><\/article><article class=\"col\"><h4><a href=\"https:\/\/www.grueneliga-thueringen.de\/en\/strassenbaeume-sind-kein-hindernis-jeder-nichtgepflanzte-alleebaum-fehlt-in-der-landschaft-und-beim-klimaschutz\/\">&#8220;Stra\u00dfenb\u00e4ume sind kein           Hindernis! Jeder nichtgepflanzte Alleebaum fehlt in der           Landschaft und beim Klimaschutz&#8221;<\/a><\/h4><ul class=\"meta\"><li><em class=\"date\">March 10th, 2020<\/em><\/li><\/ul><p><div class=\"excerpt-container\"><p>Th\u00fcringer Umwelt- und  Naturschutzverband verwundert \u00fcber das       [...]<\/div><\/p><\/article><article class=\"col\"><h4><a href=\"https:\/\/www.grueneliga-thueringen.de\/en\/position-des-bundessprecherrates-der-gruenen-liga-zum-tesla-gerichtsverfahren\/\">Position des Bundessprecherrates der GR\u00dcNEN LIGA zum Tesla-Gerichtsverfahren<\/a><\/h4><ul class=\"meta\"><li><em class=\"date\">February 21st, 2020<\/em><\/li><\/ul><p><div class=\"excerpt-container\"><p>Berlin, 20.02.2020. Ungeachtet dessen, ob die geplante Tesla Fabrik wichtige und notwendige wirtschaftliche Impulse [...]<\/div><\/p><\/article><article class=\"col\"><h4><a href=\"https:\/\/www.grueneliga-thueringen.de\/en\/seminar-zur-veredelung-von-obstgehoelze-am-22-02-2020-in-herbsleben\/\">Seminar zur Veredelung von Obstgeh\u00f6lze am 22.02.2020 in Herbsleben<\/a><\/h4><ul class=\"meta\"><li><em class=\"date\">February 9th, 2020<\/em><\/li><\/ul><p><div class=\"excerpt-container\"><p>\u201eObstgeh\u00f6lze selbst gemacht\u201c \u2013 so lautet das Motto unter dem wir am Samstag, den [...]<\/div><\/p><\/article><article class=\"col\"><h4><a href=\"https:\/\/www.grueneliga-thueringen.de\/en\/intensivkurs-jungbaumpflege-auf-streuobstwiese-am-ettersberg-bei-weimar\/\">Achtung: Kurs wird verschoben! Intensivkurs Jungbaumpflege auf der Streuobstwiese am Ettersberg bei Weimar<\/a><\/h4><ul class=\"meta\"><li><em class=\"date\">February 9th, 2020<\/em><\/li><\/ul><p><div class=\"excerpt-container\"><p>Freitag, 20.3.2020 und Samstag, 21.3.2020<\/p>\n<p>Obstb\u00e4ume und Streuobstwiesen nehmen einen bedeutenden Platz im Bild der [...]<\/div><\/p><\/article><article class=\"col\"><h4><a href=\"https:\/\/www.grueneliga-thueringen.de\/en\/tagung-kernkraftwerke-in-der-ddr-geschichte-und-widerstand-samstag-den-16-november-2019-10-00-16-00\/\">Tagung: Kernkraftwerke in der DDR \u2013 Geschichte und Widerstand. Samstag, den 16. November 2019, 10.00 &#8211; 16.00 Berlin<\/a><\/h4><ul class=\"meta\"><li><em class=\"date\">October 24th, 2019<\/em><\/li><\/ul><p><div class=\"excerpt-container\"><p>Auch in der DDR gab es Widerstand gegen die Nutzung der Atomenergie &#8211;<br \/>\n [...]<\/div><\/p><\/article><article class=\"col\"><h4><a href=\"https:\/\/www.grueneliga-thueringen.de\/en\/die-schuderbachswiese-eine-der-bedeutendsten-bergwiesen-thuringens-ist-bedroht\/\">Die Schuderbachswiese, eine der bedeutendsten Bergwiesen Th\u00fcringens, ist bedroht. Arnika, Orchideenarten wie Gr\u00fcne Hohlzunge und weitere gesch\u00fctzte Arten sollen einem Golfplatz weichen.<\/a><\/h4><ul class=\"meta\"><li><em class=\"date\">June 5th, 2019<\/em><\/li><\/ul><p><div class=\"excerpt-container\"><p>Sie und Ihr k\u00f6nnt mithelfen, dieses einmalige Biotop zu erhalten und das Vorhaben zu [...]<\/div><\/p><\/article><article class=\"col\"><h4><a href=\"https:\/\/www.grueneliga-thueringen.de\/en\/flussfilmfest-wilde-fluesse-entlegene-gegenden-und-menschen\/\">FlussFilmFest &#8211; Wilde Fl\u00fcsse, entlegene Gegenden und Menschen<\/a><\/h4><ul class=\"meta\"><li><em class=\"date\">February 13th, 2019<\/em><\/li><\/ul><p><div class=\"excerpt-container\"><p>9. M\u00e4rz 2019 im Kino mon ami in Weimar am Goetheplatz 11<\/p>\n<p>Wilde Str\u00f6me, entlegene [...]<\/div><\/p><\/article><article class=\"col\"><h4><a href=\"https:\/\/www.grueneliga-thueringen.de\/en\/seminar-zur-veredelung-von-obstgehoelze-am-23-02-2019-in-holzdorf\/\">(Deutsch) Seminar zur Veredelung von Obstgeh\u00f6lze am 23.02.2019 in Holzdorf<\/a><\/h4><ul class=\"meta\"><li><em class=\"date\">November 22nd, 2018<\/em><\/li><\/ul><p><div class=\"excerpt-container\"><p>Sorry, this entry is only available in Deutsch.<\/p>\n<\/div><\/p><\/article><article class=\"col\"><h4><a href=\"https:\/\/www.grueneliga-thueringen.de\/en\/informationsveranstaltung\/\">(Deutsch) BeGR\u00dcNte W\u00e4nde f\u00fcr Weimar \u2013 Zwischen Vorteilen und Vorurteilen von Fassadenbegr\u00fcnung<\/a><\/h4><ul class=\"meta\"><li><em class=\"date\">November 11th, 2018<\/em><\/li><\/ul><p>Sorry, this entry is only available in Deutsch.<\/p><\/article><article class=\"col\"><h4><a href=\"https:\/\/www.grueneliga-thueringen.de\/en\/das-wunder-von-mals-filmvorfuehrung-mit-anschliessender-gespraechsrunde\/\">(Deutsch) Das Wunder von Mals \u2013 Filmvorf\u00fchrung mit anschlie\u00dfender Gespr\u00e4chsrunde<\/a><\/h4><ul class=\"meta\"><li><em class=\"date\">October 10th, 2018<\/em><\/li><\/ul><p><div class=\"excerpt-container\"><p>Sorry, this entry is only available in Deutsch.<\/p>\n<\/div><\/p><\/article><article class=\"col\"><h4><a href=\"https:\/\/www.grueneliga-thueringen.de\/en\/5474-2\/\">(Deutsch) Glyphosat &#8211; Fluch oder Segen? Vortrag mit Diskussion<\/a><\/h4><ul class=\"meta\"><li><em class=\"date\">May 2nd, 2018<\/em><\/li><\/ul><p><div class=\"excerpt-container\"><p>Sorry, this entry is only available in Deutsch.<\/p>\n<\/div><\/p><\/article><article class=\"col\"><h4><a href=\"https:\/\/www.grueneliga-thueringen.de\/en\/1000-x-25-e\/\">(Deutsch) Wir brauchen Ihre Hilfe!<\/a><\/h4><ul class=\"meta\"><li><em class=\"date\">February 12th, 2018<\/em><\/li><\/ul><p>Sorry, this entry is only available in Deutsch.<\/p><\/article><article class=\"col\"><h4><a href=\"https:\/\/www.grueneliga-thueringen.de\/en\/aktuellstromtrasse\/\">(Deutsch) GR\u00dcNE LIGA Th\u00fcringen zweifelt an Notwendigkeit der neuen Stromtrasse Vieselbach \u2013 Pulgar<\/a><\/h4><ul class=\"meta\"><li><em class=\"date\">April 21st, 2017<\/em><\/li><\/ul><p>Sorry, this entry is only available in Deutsch.<\/p><\/article><article class=\"col\"><h4><a href=\"https:\/\/www.grueneliga-thueringen.de\/en\/aktuellstreuobsfachwirtin-thueringen\/\">(Deutsch) Streuobstfachwirtin in Th\u00fcringen<\/a><\/h4><ul class=\"meta\"><li><em class=\"date\">April 21st, 2017<\/em><\/li><\/ul><p>Sorry, this entry is only available in Deutsch.<\/p><\/article><article class=\"col\"><h4><a href=\"https:\/\/www.grueneliga-thueringen.de\/en\/weltwassertag-am-22-03-2017-abwasser-in-kreislaeufen-denken-und-handeln\/\">(Deutsch) Weltwassertag am 22.03.2017: Abwasser &#8211; In Kreisl\u00e4ufen denken und handeln<\/a><\/h4><ul class=\"meta\"><li><em class=\"date\">March 21st, 2017<\/em><\/li><\/ul><p>Sorry, this entry is only available in Deutsch.<\/p><\/article><article class=\"col\"><h4><a href=\"https:\/\/www.grueneliga-thueringen.de\/en\/offener-brief-zukunft-des-fahrradverleihs-und-der-umweltbibliothek-der-gruenen-liga-weimar-e-v-kuendigung-am-goetheplatz-9b-zum-31-12-2022\/\">Offener Brief: Zukunft des Fahrradverleihs und der Umweltbibliothek der GR\u00dcNEN LIGA Weimar e.V. K\u00fcndigung am Goetheplatz 9b zum 31.12.2022 &#8211;<\/a><\/h4><ul class=\"meta\"><li><em class=\"date\">August 15th, 2022<\/em><\/li><\/ul><p><div class=\"excerpt-container\"><p>Etabliertes Netzwerk verliert seinen zentralen Standort und Weimar ein wichtiges umweltpolitisches und zivilgesellschaftliches Angebot [...]<\/div><\/p><\/article><\/div><\/section><\/div>\n","protected":false},"excerpt":{"rendered":"","protected":false},"author":1,"featured_media":0,"parent":0,"menu_order":0,"comment_status":"open","ping_status":"closed","template":"full-width.php","meta":{"footnotes":""},"class_list":["post-2300","page","type-page","status-publish","hentry"],"_links":{"self":[{"href":"https:\/\/www.grueneliga-thueringen.de\/en\/wp-json\/wp\/v2\/pages\/2300","targetHints":{"allow":["GET"]}}],"collection":[{"href":"https:\/\/www.grueneliga-thueringen.de\/en\/wp-json\/wp\/v2\/pages"}],"about":[{"href":"https:\/\/www.grueneliga-thueringen.de\/en\/wp-json\/wp\/v2\/types\/page"}],"author":[{"embeddable":true,"href":"https:\/\/www.grueneliga-thueringen.de\/en\/wp-json\/wp\/v2\/users\/1"}],"replies":[{"embeddable":true,"href":"https:\/\/www.grueneliga-thueringen.de\/en\/wp-json\/wp\/v2\/comments?post=2300"}],"version-history":[{"count":0,"href":"https:\/\/www.grueneliga-thueringen.de\/en\/wp-json\/wp\/v2\/pages\/2300\/revisions"}],"wp:attachment":[{"href":"https:\/\/www.grueneliga-thueringen.de\/en\/wp-json\/wp\/v2\/media?parent=2300"}],"curies":[{"name":"wp","href":"https:\/\/api.w.org\/{rel}","templated":true}]}}