{"id":21,"date":"2013-09-11T17:15:00","date_gmt":"2013-09-11T15:15:00","guid":{"rendered":"http:\/\/www.grueneliga-thueringen.de?page_id=21"},"modified":"2014-02-17T16:40:13","modified_gmt":"2014-02-17T15:40:13","slug":"mitmachen","status":"publish","type":"page","link":"https:\/\/www.grueneliga-thueringen.de\/en\/mitmachen\/","title":{"rendered":"Mitmachen"},"content":{"rendered":"<h1>Mitmachen<\/h1>\n<h3>Sie wollen Mitglied in unserem Verein werden?<\/h3>\n<h3>Sie haben Fragen zu den Mitgliedsbeitr\u00e4gen oder zur Beitrittserkl\u00e4rung?<\/h3>\n<h3>Sie haben Interesse an einem Praktikum oder einem F\u00d6J?<\/h3>\n<h3>Hier und auf den folgenden Seiten finden Sie alles rund um das Thema &#8220;Mitmachen&#8221;. Hier stehen Ihnen sowohl Beitrittserkl\u00e4rung, Beitragsordnung und Vereinssatzung als auch Informationen zu Praktika oder F\u00d6J zu Verf\u00fcgung.<\/h3>\n","protected":false},"excerpt":{"rendered":"<p>Mitmachen Sie wollen Mitglied in unserem Verein werden? Sie haben Fragen zu den Mitgliedsbeitr\u00e4gen oder zur Beitrittserkl\u00e4rung? Sie haben Interesse an einem Praktikum oder einem F\u00d6J? Hier und auf den folgenden Seiten finden Sie alles rund um das Thema &#8220;Mitmachen&#8221;. Hier stehen Ihnen sowohl Beitrittserkl\u00e4rung, Beitragsordnung und Vereinssatzung als auch Informationen zu Praktika oder F\u00d6J zu Verf\u00fcgung.<\/p>\n","protected":false},"author":1,"featured_media":0,"parent":0,"menu_order":0,"comment_status":"open","ping_status":"closed","template":"full-width.php","meta":{"footnotes":""},"class_list":["post-21","page","type-page","status-publish","hentry"],"_links":{"self":[{"href":"https:\/\/www.grueneliga-thueringen.de\/en\/wp-json\/wp\/v2\/pages\/21","targetHints":{"allow":["GET"]}}],"collection":[{"href":"https:\/\/www.grueneliga-thueringen.de\/en\/wp-json\/wp\/v2\/pages"}],"about":[{"href":"https:\/\/www.grueneliga-thueringen.de\/en\/wp-json\/wp\/v2\/types\/page"}],"author":[{"embeddable":true,"href":"https:\/\/www.grueneliga-thueringen.de\/en\/wp-json\/wp\/v2\/users\/1"}],"replies":[{"embeddable":true,"href":"https:\/\/www.grueneliga-thueringen.de\/en\/wp-json\/wp\/v2\/comments?post=21"}],"version-history":[{"count":8,"href":"https:\/\/www.grueneliga-thueringen.de\/en\/wp-json\/wp\/v2\/pages\/21\/revisions"}],"predecessor-version":[{"id":4517,"href":"https:\/\/www.grueneliga-thueringen.de\/en\/wp-json\/wp\/v2\/pages\/21\/revisions\/4517"}],"wp:attachment":[{"href":"https:\/\/www.grueneliga-thueringen.de\/en\/wp-json\/wp\/v2\/media?parent=21"}],"curies":[{"name":"wp","href":"https:\/\/api.w.org\/{rel}","templated":true}]}}